{"id":14,"date":"2011-05-04T22:00:40","date_gmt":"2011-05-04T20:00:40","guid":{"rendered":"http:\/\/www.ciel.lu\/new_ciel\/?page_id=14"},"modified":"2025-03-24T09:42:15","modified_gmt":"2025-03-24T08:42:15","slug":"contact","status":"publish","type":"page","link":"http:\/\/english.ciel.lu\/de\/contact\/","title":{"rendered":"Kontakt"},"content":{"rendered":"<p><strong>Fotoclub der Europ\u00e4ischen Institutionen Luxemburg CIEL<\/strong>&nbsp;<\/p>\n\n\n\n<p>Foyer europ\u00e9en<br>10, rue Heinrich Heine<br>L-1720 Luxemburg<\/p>\n\n\n\n<p>Sie finden uns hier: <a href=\"https:\/\/www.google.com\/maps\/place\/10+Rue+Heinrich+Heine,+1720+Luxembourg\/@49.6051749,6.1286205,17z\/data=!4m16!1m10!4m9!1m0!1m6!1m2!1s0x479548d17906d7bb:0xa56a5b7088dc80fc!2s10+Rue+Heinrich+Heine,+1720+Luxembourg!2m2!1d6.1308092!2d49.6051714!3e0!3m4!1s0x479548d17906d7bb:0xa56a5b7088dc80fc!8m2!3d49.6051714!4d6.1308092\" target=\"_blank\" rel=\"noopener noreferrer\">Google Maps<\/a><\/p>\n\n\n\n<p><a href=\"https:\/\/www.facebook.com\/groups\/photoclubciel\" target=\"_blank\" rel=\"noreferrer noopener\">Unsere private Facebook-Gruppe<\/a><\/p>\n\n\n\n<p><a href=\"https:\/\/www.flickr.com\/groups\/photoclub_ciel\/\" data-type=\"link\" data-id=\"https:\/\/www.flickr.com\/groups\/photoclub_ciel\/\" target=\"_blank\" rel=\"noreferrer noopener\">Unsere Flickr Gruppe<\/a><\/p>\n\n\n\n<p><em>Comit\u00e9<\/em><br>Dirk Stockmans \u2013 Vorsitzender \u2013 president@ciel.lu&nbsp;<br>Willem van Gemert \u2013 Schatzmeister \u2013 tresorier@ciel.lu&nbsp;<br>C\u00e9line Boisbunon \u2013 Sekret\u00e4rin \u2013 photociel@ciel.lu&nbsp;<br>Myriam Barbara-Ziad\u00e9 \u2013 Ausstellungen \u2013 info@ciel.lu&nbsp;<br>Monique Youakim Elia \u2013 Ausstellungen, Ver\u00f6ffentlichungen \u2013 info@ciel.lu&nbsp;<br>Jean-Baptiste Bertrand \u2013 Ausr\u00fcstung \u2013 info@ciel.lu&nbsp;<\/p>\n\n\n\n<hr class=\"wp-block-separator has-alpha-channel-opacity\"\/>\n\n\n\n<p>Gy\u00f6rgy Papp \u2013 Website-Manager \u2013 webmaster@ciel.lu<\/p>\n\n\n\n<div class=\"wpcf7 no-js\" id=\"wpcf7-f3350-o1\" lang=\"en-US\" dir=\"ltr\" data-wpcf7-id=\"3350\">\n<div class=\"screen-reader-response\"><p role=\"status\" aria-live=\"polite\" aria-atomic=\"true\"><\/p> <ul><\/ul><\/div>\n<form action=\"\/de\/wp-json\/wp\/v2\/pages\/14#wpcf7-f3350-o1\" method=\"post\" class=\"wpcf7-form init\" aria-label=\"Kontaktformular\" novalidate=\"novalidate\" data-status=\"init\" data-etm-original-action=\"\/de\/wp-json\/wp\/v2\/pages\/14#wpcf7-f3350-o1\">\n<fieldset class=\"hidden-fields-container\"><input type=\"hidden\" name=\"_wpcf7\" value=\"3350\" \/><input type=\"hidden\" name=\"_wpcf7_version\" value=\"6.1.5\" \/><input type=\"hidden\" name=\"_wpcf7_locale\" value=\"en_US\" \/><input type=\"hidden\" name=\"_wpcf7_unit_tag\" value=\"wpcf7-f3350-o1\" \/><input type=\"hidden\" name=\"_wpcf7_container_post\" value=\"0\" \/><input type=\"hidden\" name=\"_wpcf7_posted_data_hash\" value=\"\" \/><input type=\"hidden\" name=\"_wpcf7_recaptcha_response\" value=\"\" \/>\n<\/fieldset>\n<p><label> Ihr Name<br \/>\n<span class=\"wpcf7-form-control-wrap\" data-name=\"your-name\"><input size=\"40\" maxlength=\"400\" class=\"wpcf7-form-control wpcf7-text wpcf7-validates-as-required\" autocomplete=\"name\" aria-required=\"true\" aria-invalid=\"false\" value=\"\" type=\"text\" name=\"your-name\" \/><\/span> <\/label>\n<\/p>\n<p><label> Ihre E-Mail-Adresse<br \/>\n<span class=\"wpcf7-form-control-wrap\" data-name=\"your-email\"><input size=\"40\" maxlength=\"400\" class=\"wpcf7-form-control wpcf7-email wpcf7-validates-as-required wpcf7-text wpcf7-validates-as-email\" autocomplete=\"email\" aria-required=\"true\" aria-invalid=\"false\" value=\"\" type=\"email\" name=\"your-email\" \/><\/span> <\/label>\n<\/p>\n<p><label> Betreff<br \/>\n<span class=\"wpcf7-form-control-wrap\" data-name=\"your-subject\"><input size=\"40\" maxlength=\"400\" class=\"wpcf7-form-control wpcf7-text wpcf7-validates-as-required\" aria-required=\"true\" aria-invalid=\"false\" value=\"\" type=\"text\" name=\"your-subject\" \/><\/span> <\/label>\n<\/p>\n<p><label> Ihre Nachricht (optional)<br \/>\n<span class=\"wpcf7-form-control-wrap\" data-name=\"your-message\"><textarea cols=\"40\" rows=\"10\" maxlength=\"2000\" class=\"wpcf7-form-control wpcf7-textarea\" aria-invalid=\"false\" name=\"your-message\"><\/textarea><\/span> <\/label>\n<\/p>\n<p><input class=\"wpcf7-form-control wpcf7-submit has-spinner\" type=\"submit\" value=\"Abschicken\" \/>\n<\/p><div class=\"wpcf7-response-output\" aria-hidden=\"true\"><\/div>\n<input type=\"hidden\" name=\"etm-form-language\" value=\"de\"\/><\/form>\n<\/div>","protected":false},"excerpt":{"rendered":"<p>Foto Club der Europ\u00e4ischen Institutionen Luxemburg CIEL Foyer europ\u00e9en10, rue Heinrich HeineL-1720 Luxembourg Sie k\u00f6nnen [...]<\/p>","protected":false},"author":2,"featured_media":0,"parent":0,"menu_order":70,"comment_status":"closed","ping_status":"closed","template":"","meta":{"footnotes":""},"class_list":["post-14","page","type-page","status-publish","hentry"],"jetpack_sharing_enabled":true,"_links":{"self":[{"href":"http:\/\/english.ciel.lu\/de\/wp-json\/wp\/v2\/pages\/14","targetHints":{"allow":["GET"]}}],"collection":[{"href":"http:\/\/english.ciel.lu\/de\/wp-json\/wp\/v2\/pages"}],"about":[{"href":"http:\/\/english.ciel.lu\/de\/wp-json\/wp\/v2\/types\/page"}],"author":[{"embeddable":true,"href":"http:\/\/english.ciel.lu\/de\/wp-json\/wp\/v2\/users\/2"}],"replies":[{"embeddable":true,"href":"http:\/\/english.ciel.lu\/de\/wp-json\/wp\/v2\/comments?post=14"}],"version-history":[{"count":9,"href":"http:\/\/english.ciel.lu\/de\/wp-json\/wp\/v2\/pages\/14\/revisions"}],"predecessor-version":[{"id":3464,"href":"http:\/\/english.ciel.lu\/de\/wp-json\/wp\/v2\/pages\/14\/revisions\/3464"}],"wp:attachment":[{"href":"http:\/\/english.ciel.lu\/de\/wp-json\/wp\/v2\/media?parent=14"}],"curies":[{"name":"wp","href":"https:\/\/api.w.org\/{rel}","templated":true}]}}