{"id":3297,"date":"2024-11-22T21:05:37","date_gmt":"2024-11-22T20:05:37","guid":{"rendered":"https:\/\/www.ciel.lu\/?page_id=3297"},"modified":"2024-11-24T00:22:24","modified_gmt":"2024-11-23T23:22:24","slug":"about-us","status":"publish","type":"page","link":"http:\/\/english.ciel.lu\/de\/about-us\/","title":{"rendered":"\u00dcber uns"},"content":{"rendered":"<figure class=\"wp-block-image size-large\"><img data-recalc-dims=\"1\" height=\"408\" width=\"640\" decoding=\"async\" src=\"https:\/\/i0.wp.com\/www.ciel.lu\/new_ciel\/wp-content\/uploads\/image-11-950x606.jpeg?resize=640%2C408&#038;ssl=1\" alt=\"\" class=\"wp-image-3298\"\/><\/figure>\n\n\n\n<p><strong>Fotoclub CIEL<\/strong> ist offen f\u00fcr alle, die sich f\u00fcr Fotografie interessieren, vom absoluten Anf\u00e4nger bis zum erfahrenen Fotografie-Enthusiasten, jung und alt. Wir begannen 1968 als Club f\u00fcr EU-Beamte, aber in den letzten Jahrzehnten war fast die H\u00e4lfte unserer Mitglieder Fotobegeisterte aus allen Lebensbereichen in Luxemburg und der Schweiz. <em>Grande R\u00e9gion<\/em>.&nbsp;<\/p>\n\n\n\n<p><strong>Wir treffen uns jeden Montag um 20.00 Uhr<\/strong> mit einem abwechslungsreichen Programm:&nbsp;<\/p>\n\n\n\n<p>\u2013 wir diskutieren und tauschen uns aus <strong>konstruktives Feedback zu unseren Fotos<\/strong>&nbsp;<\/p>\n\n\n\n<p>\u2013 wir zeigen und lernen, wie man <strong>Digitale Bilder verarbeiten<\/strong> auf dem Computer&nbsp;<\/p>\n\n\n\n<p>\u2013 wir geben den Mitgliedern die M\u00f6glichkeit, einen <strong>Carte Blanche<\/strong> Abend zu einem fotografischen Thema ihrer Wahl;&nbsp;&nbsp;<\/p>\n\n\n\n<p>\u2013 wir organisieren <strong>Themenausfl\u00fcge<\/strong>, z. B. an den Schueberfouer oder mit dem Schwerpunkt \u201eStra\u00dfenfotografie\u201c;&nbsp;&nbsp;<\/p>\n\n\n\n<p>\u2013 wir bieten <strong>Fotoausr\u00fcstung<\/strong> (Schiebescanner, Kameras und Objektive);&nbsp;&nbsp;<\/p>\n\n\n\n<p>\u2013 wir f\u00fchren eine <strong>Bibliothek<\/strong> von Kunstb\u00fcchern und B\u00fcchern \u00fcber fotografische Technik;&nbsp;&nbsp;<\/p>\n\n\n\n<p>\u2013 wir organisieren verschiedene Fotos <strong>Schulungen<\/strong> auf Englisch und Franz\u00f6sisch.&nbsp;&nbsp;<\/p>\n\n\n\n<p>Zus\u00e4tzlich zu unseren w\u00f6chentlichen Aktivit\u00e4ten organisieren wir jedes Jahr eine <strong>Gruppenausstellung<\/strong> an einem Thema, das wir gemeinsam ausw\u00e4hlen und das ganze Jahr \u00fcber bearbeiten. Weitere Details finden Sie auf unserer <strong>Ausstellungen<\/strong> Seite.&nbsp;<\/p>\n\n\n\n<p>Einige unserer Mitglieder teilen Fotos in unserem <a href=\"https:\/\/www.flickr.com\/groups\/photoclub_ciel\/\" target=\"_blank\" rel=\"noreferrer noopener\"><strong>Flickr-Gruppe<\/strong><\/a>.&nbsp;<\/p>\n\n\n\n<p><strong>Wo finden Sie uns?<\/strong>&nbsp;<br>Wir treffen uns von Mitte September bis Ende Juni im Foyer europ\u00e9en, 10 rue Heinrich Heine in Luxemburg-Stadt, mit einer Sommerpause. \u00dcberpr\u00fcfen Sie das Programm, bevor Sie kommen, da wir manchmal Ausfl\u00fcge organisieren. Wir empfehlen Ihnen, uns vor Ihrem ersten Besuch unter info@ciel.lu zu kontaktieren.&nbsp;<\/p>\n\n\n\n<p><strong>Wie kann ich Mitglied werden?<\/strong>&nbsp;<br>Sie k\u00f6nnen Mitglied werden, indem Sie das Mitgliedsformular ausf\u00fcllen und den Jahresbeitrag auf das auf der Mitgliedschaftsseite angegebene CIEL-Konto \u00fcberweisen. Die Mitgliedschaft ist f\u00fcr ein Kalenderjahr g\u00fcltig.&nbsp;<\/p>\n\n\n\n<p><strong>Schulungskurse<\/strong>\u00a0<br>Die aktuell angebotenen Schulungen finden Sie auf der <a href=\"http:\/\/english.ciel.lu\/de\/courses\/\" data-type=\"page\" data-id=\"3300\">Kurse<\/a> Seite. Die CIEL-Mitgliedschaft f\u00fcr das laufende Kalenderjahr ist in den Kursgeb\u00fchren f\u00fcr Nichtmitglieder enthalten.\u00a0<\/p>\n\n\n\n<p class=\"has-black-color has-text-color has-link-color wp-elements-17afb237446ce4a27c98ea1a8315ed12\"><strong>Was passiert, wenn ?<\/strong>\u00a0<br>Sehen Sie unsere <a href=\"https:\/\/www.ciel.lu\/calendar\/\">Kalender<\/a>.\u00a0\u00a0<\/p>","protected":false},"excerpt":{"rendered":"<p>Der Photo Club CIEL ist offen f\u00fcr alle, die sich f\u00fcr Fotografie interessieren, vom absoluten Anf\u00e4nger bis zum erfahrenen Fotografen.<\/p>","protected":false},"author":6,"featured_media":0,"parent":0,"menu_order":0,"comment_status":"closed","ping_status":"closed","template":"","meta":{"footnotes":""},"class_list":["post-3297","page","type-page","status-publish","hentry"],"jetpack_sharing_enabled":true,"_links":{"self":[{"href":"http:\/\/english.ciel.lu\/de\/wp-json\/wp\/v2\/pages\/3297","targetHints":{"allow":["GET"]}}],"collection":[{"href":"http:\/\/english.ciel.lu\/de\/wp-json\/wp\/v2\/pages"}],"about":[{"href":"http:\/\/english.ciel.lu\/de\/wp-json\/wp\/v2\/types\/page"}],"author":[{"embeddable":true,"href":"http:\/\/english.ciel.lu\/de\/wp-json\/wp\/v2\/users\/6"}],"replies":[{"embeddable":true,"href":"http:\/\/english.ciel.lu\/de\/wp-json\/wp\/v2\/comments?post=3297"}],"version-history":[{"count":3,"href":"http:\/\/english.ciel.lu\/de\/wp-json\/wp\/v2\/pages\/3297\/revisions"}],"predecessor-version":[{"id":3355,"href":"http:\/\/english.ciel.lu\/de\/wp-json\/wp\/v2\/pages\/3297\/revisions\/3355"}],"wp:attachment":[{"href":"http:\/\/english.ciel.lu\/de\/wp-json\/wp\/v2\/media?parent=3297"}],"curies":[{"name":"wp","href":"https:\/\/api.w.org\/{rel}","templated":true}]}}