{"id":3300,"date":"2024-11-22T21:07:50","date_gmt":"2024-11-22T20:07:50","guid":{"rendered":"https:\/\/www.ciel.lu\/?page_id=3300"},"modified":"2025-03-10T21:50:49","modified_gmt":"2025-03-10T20:50:49","slug":"courses","status":"publish","type":"page","link":"http:\/\/english.ciel.lu\/de\/courses\/","title":{"rendered":"Kurse"},"content":{"rendered":"<p>Wir organisieren regelm\u00e4\u00dfig verschiedene Kurse (Einf\u00fchrung in die Fotografie, Zwischenfotografie, Studiofotografie). F\u00fcr Termine konsultieren Sie bitte die <a href=\"http:\/\/english.ciel.lu\/de\/category\/training\/\" target=\"_blank\" rel=\"noreferrer noopener\">Kurs\u00fcbersicht<\/a> regelm\u00e4\u00dfig.&nbsp;&nbsp;<\/p>\n\n\n\n<p>F\u00fcr Einf\u00fchrungskurse k\u00f6nnen Digitalkameras kostenlos zur Verf\u00fcgung gestellt werden. F\u00fcr weitere Informationen wenden Sie sich bitte an Jean-Baptiste Bertrand, der die Ausr\u00fcstung des CIEL verwaltet (siehe <a href=\"http:\/\/english.ciel.lu\/de\/contact\/\" data-type=\"page\" data-id=\"14\">Kontakt<\/a> Seite).&nbsp;<\/p>\n\n\n\n<p>Hier finden Sie die Liste der Schulungen <a href=\"http:\/\/english.ciel.lu\/de\/category\/training\/\" target=\"_blank\" rel=\"noreferrer noopener\">hier<\/a><a href=\"https:\/\/www.ciel.lu\/category\/training\/\" target=\"_blank\" rel=\"noreferrer noopener\">.<\/a>&nbsp;<\/p>\n\n\n\n<p class=\"has-black-color has-text-color has-link-color wp-elements-6115a1824f3938b349203deade7db6e3\">Sie k\u00f6nnen sich \u00fcber das untenstehende Online-Formular f\u00fcr Kurse anmelden.&nbsp;<\/p>\n\n\n\n<p>Wenn keine Kurse geplant sind, k\u00f6nnen Sie das untenstehende Formular verwenden, um Ihr Interesse anzuzeigen, und wir werden Sie kontaktieren, sobald ein neuer Kurs geplant ist.&nbsp;<\/p>\n\n\n\n<div class=\"wpcf7 no-js\" id=\"wpcf7-f3342-o1\" lang=\"en-US\" dir=\"ltr\" data-wpcf7-id=\"3342\">\n<div class=\"screen-reader-response\"><p role=\"status\" aria-live=\"polite\" aria-atomic=\"true\"><\/p> <ul><\/ul><\/div>\n<form action=\"\/de\/wp-json\/wp\/v2\/pages\/3300#wpcf7-f3342-o1\" method=\"post\" class=\"wpcf7-form init\" aria-label=\"Kontaktformular\" novalidate=\"novalidate\" data-status=\"init\" data-etm-original-action=\"\/de\/wp-json\/wp\/v2\/pages\/3300#wpcf7-f3342-o1\">\n<fieldset class=\"hidden-fields-container\"><input type=\"hidden\" name=\"_wpcf7\" value=\"3342\" \/><input type=\"hidden\" name=\"_wpcf7_version\" value=\"6.1.5\" \/><input type=\"hidden\" name=\"_wpcf7_locale\" value=\"en_US\" \/><input type=\"hidden\" name=\"_wpcf7_unit_tag\" value=\"wpcf7-f3342-o1\" \/><input type=\"hidden\" name=\"_wpcf7_container_post\" value=\"0\" \/><input type=\"hidden\" name=\"_wpcf7_posted_data_hash\" value=\"\" \/><input type=\"hidden\" name=\"_wpcf7_recaptcha_response\" value=\"\" \/>\n<\/fieldset>\n<p><label> Ihr Name<br \/>\n<span class=\"wpcf7-form-control-wrap\" data-name=\"your-name\"><input size=\"40\" maxlength=\"400\" class=\"wpcf7-form-control wpcf7-text wpcf7-validates-as-required\" autocomplete=\"name\" aria-required=\"true\" aria-invalid=\"false\" value=\"\" type=\"text\" name=\"your-name\" \/><\/span> <\/label>\n<\/p>\n<p><label> Ihre E-Mail-Adresse<br \/>\n<span class=\"wpcf7-form-control-wrap\" data-name=\"your-email\"><input size=\"40\" maxlength=\"400\" class=\"wpcf7-form-control wpcf7-email wpcf7-validates-as-required wpcf7-text wpcf7-validates-as-email\" autocomplete=\"email\" aria-required=\"true\" aria-invalid=\"false\" value=\"\" type=\"email\" name=\"your-email\" \/><\/span> <\/label>\n<\/p>\n<p><label> Ihre Anschrift<br \/>\n<span class=\"wpcf7-form-control-wrap\" data-name=\"textarea-637\"><textarea cols=\"40\" rows=\"10\" maxlength=\"2000\" class=\"wpcf7-form-control wpcf7-textarea\" aria-invalid=\"false\" name=\"textarea-637\"><\/textarea><\/span><\/label>\n<\/p>\n<p><label> Ihr Telefon<br \/>\n<span class=\"wpcf7-form-control-wrap\" data-name=\"tel-62\"><input size=\"40\" maxlength=\"400\" class=\"wpcf7-form-control wpcf7-tel wpcf7-text wpcf7-validates-as-tel\" aria-invalid=\"false\" value=\"\" type=\"tel\" name=\"tel-62\" \/><\/span> <\/label>\n<\/p>\n<p><label> Ausgew\u00e4hlter Kurs<br \/>\n<span class=\"wpcf7-form-control-wrap\" data-name=\"select-53\"><select class=\"wpcf7-form-control wpcf7-select\" aria-invalid=\"false\" name=\"select-53\"><option value=\"Introduction to Photography\">Einf\u00fchrung in die Fotografie<\/option><option value=\"Intermediate Photography\">Zwischen-Fotografie<\/option><option value=\"Introduction to Studio Photography\">Einf\u00fchrung in die Studiofotografie<\/option><\/select><\/span> <\/label>\n<\/p>\n<p><label> Preis des gew\u00e4hlten Kurses<br \/>\n<span class=\"wpcf7-form-control-wrap\" data-name=\"select-463\"><select class=\"wpcf7-form-control wpcf7-select\" aria-invalid=\"false\" name=\"select-463\"><option value=\"INTRO PHOTO: 160 EUR (non-membres CIEL)\">EINF\u00dcHRUNGSFOTO: 160 EUR (au\u00dferhalb von CIEL)<\/option><option value=\"INTRO PHOTO: 100 EUR (membres CIEL)\">EINF\u00dcHRUNGSFOTO: 100 EUR (Membrane CIEL)<\/option><option value=\"STUDIO: 260 EUR (non-membres CIEL)\">STUDIO: 260 EUR (au\u00dferhalb von CIEL)<\/option><option value=\"STUDIO: 200 EUR (membres CIEL)\">STUDIO: 200 EUR (Membrane CIEL)<\/option><option value=\"INTERMEDIATE: 210 EUR (non-membres CIEL)\">ZWISCHENLEISTUNGEN: 210 EUR (au\u00dferhalb von CIEL)<\/option><option value=\"INTERMEDIATE: 150 EUR (membres CIEL)\">ZWISCHENLEISTUNGEN: 150 EUR (Membrane CIEL)<\/option><\/select><\/span><br \/>\n<\/label>\n<\/p>\n<p><label> Beziehungen zu den EU-Organen:<br \/>\n<span class=\"wpcf7-form-control-wrap\" data-name=\"select-136\"><select class=\"wpcf7-form-control wpcf7-select\" aria-invalid=\"false\" name=\"select-136\"><option value=\"Permanent staff\">Dauerbedienstete<\/option><option value=\"Pensioner\">Rentner<\/option><option value=\"Spouse of the permanent staff\/agent\">Ehegatte des st\u00e4ndigen Personals\/Agenten<\/option><option value=\"Child of the permanent staff\/agent\">Kind des st\u00e4ndigen Personals\/Agenten<\/option><option value=\"Trainee\">Praktikant\/in<\/option><option value=\"Other (external)\">Sonstige (externe)<\/option><\/select><\/span><br \/>\n<\/label>\n<\/p>\n<p><label> Wenn Sie einen unbefristeten Vertrag haben oder in Rente sind, geben Sie bitte Ihre Tr\u00e4ger an, falls nicht, schreiben Sie einfach \u201eSonstige\u201c.<br \/>\n<span class=\"wpcf7-form-control-wrap\" data-name=\"text-254\"><input size=\"40\" maxlength=\"400\" class=\"wpcf7-form-control wpcf7-text\" aria-invalid=\"false\" value=\"\" type=\"text\" name=\"text-254\" \/><\/span><br \/>\n<\/label>\n<\/p>\n<p><label> Ihre Nachricht (optional)<br \/>\n<span class=\"wpcf7-form-control-wrap\" data-name=\"your-message\"><textarea cols=\"40\" rows=\"10\" maxlength=\"2000\" class=\"wpcf7-form-control wpcf7-textarea\" aria-invalid=\"false\" name=\"your-message\"><\/textarea><\/span> <\/label>\n<\/p>\n<p><input class=\"wpcf7-form-control wpcf7-submit has-spinner\" type=\"submit\" value=\"Abschicken\" \/>\n<\/p><div class=\"wpcf7-response-output\" aria-hidden=\"true\"><\/div>\n<input type=\"hidden\" name=\"etm-form-language\" value=\"de\"\/><\/form>\n<\/div>\n\n\n\n\n<p class=\"has-black-color has-text-color has-link-color wp-elements-8e4ed7eed9ea9bf394c20562a8776f77\">Die CIEL-Mitgliedschaft bis zum Jahresende ist in der Kursgeb\u00fchr f\u00fcr Nicht-Mitglieder enthalten.&nbsp;<\/p>\n\n\n\n<p>Bitte \u00fcberweisen Sie den unter \u201eKursgeb\u00fchren\u201c genannten Betrag auf die Bestellung von Photo Club CE, Konto IBAN LU86 0019 7955 0624 3000 (BCEELULL), unter Angabe des Namens des Kurses und des Teilnehmers.\u00a0<\/p>\n\n\n\n<p>Anmeldungen f\u00fcr den Kurs erfolgen in der Reihenfolge, in der die \u00dcberweisungen auf dem CIEL-Konto eingehen. Wenn die maximale Anzahl von Anmeldungen erreicht ist, werden Sie auf die Warteliste f\u00fcr einen zuk\u00fcnftigen Kurs gesetzt und die Kursgeb\u00fchr wird zur\u00fcckerstattet. Bei einer Stornierung weniger als eine Woche vor Kursbeginn werden die Geb\u00fchren nicht zur\u00fcckerstattet, wenn kein Ersatz gefunden wird.&nbsp;<\/p>","protected":false},"excerpt":{"rendered":"<p>Wir organisieren regelm\u00e4\u00dfig verschiedene Kurse (Einf\u00fchrung in die Fotografie, Zwischenfotografie, Studiofotografie). F\u00fcr Termine bitte [...]<\/p>","protected":false},"author":6,"featured_media":0,"parent":0,"menu_order":0,"comment_status":"closed","ping_status":"closed","template":"","meta":{"footnotes":""},"class_list":["post-3300","page","type-page","status-publish","hentry"],"jetpack_sharing_enabled":true,"_links":{"self":[{"href":"http:\/\/english.ciel.lu\/de\/wp-json\/wp\/v2\/pages\/3300","targetHints":{"allow":["GET"]}}],"collection":[{"href":"http:\/\/english.ciel.lu\/de\/wp-json\/wp\/v2\/pages"}],"about":[{"href":"http:\/\/english.ciel.lu\/de\/wp-json\/wp\/v2\/types\/page"}],"author":[{"embeddable":true,"href":"http:\/\/english.ciel.lu\/de\/wp-json\/wp\/v2\/users\/6"}],"replies":[{"embeddable":true,"href":"http:\/\/english.ciel.lu\/de\/wp-json\/wp\/v2\/comments?post=3300"}],"version-history":[{"count":8,"href":"http:\/\/english.ciel.lu\/de\/wp-json\/wp\/v2\/pages\/3300\/revisions"}],"predecessor-version":[{"id":3456,"href":"http:\/\/english.ciel.lu\/de\/wp-json\/wp\/v2\/pages\/3300\/revisions\/3456"}],"wp:attachment":[{"href":"http:\/\/english.ciel.lu\/de\/wp-json\/wp\/v2\/media?parent=3300"}],"curies":[{"name":"wp","href":"https:\/\/api.w.org\/{rel}","templated":true}]}}