{"id":3303,"date":"2024-11-22T21:13:56","date_gmt":"2024-11-22T20:13:56","guid":{"rendered":"https:\/\/www.ciel.lu\/?page_id=3303"},"modified":"2026-03-19T10:49:41","modified_gmt":"2026-03-19T09:49:41","slug":"equipment","status":"publish","type":"page","link":"http:\/\/english.ciel.lu\/de\/equipment\/","title":{"rendered":"Ausr\u00fcstung"},"content":{"rendered":"<p>Das CIEL verf\u00fcgt \u00fcber eine breite Palette an hochwertigen Ger\u00e4ten, die praktisch alle Bed\u00fcrfnisse der Amateurfotografie abdecken.\u202fDiese Ausr\u00fcstung kann von den Mitgliedern in den R\u00e4umlichkeiten frei verwendet werden (obwohl einige von ihnen aufgrund ihrer Komplexit\u00e4t, relativen Fragilit\u00e4t oder Kosten ein gewisses Ma\u00df an Schulung erfordern) und kann f\u00fcr ein oder zwei Wochen ausgeliehen werden.<\/p>\n\n\n\n<p><strong>Wenn Sie Ger\u00e4te (Kamerageh\u00e4use, Objektive oder tragbare Studioger\u00e4te) ausleihen m\u00f6chten, verwenden Sie bitte <\/strong><a href=\"https:\/\/forms.gle\/TbhEvW5b1qYuuoub7\" target=\"_blank\" rel=\"noreferrer noopener\"><strong>dieses Formular<\/strong><\/a><strong>.<\/strong><\/p>\n\n\n\n<p><strong>Studio<\/strong><\/p>\n\n\n\n<p>Das Studio ist mit einem Satz elektronischer Blitzger\u00e4te von Profoto und zahlreichen Zubeh\u00f6rteilen (Softboxen, Reflektoren, Regenschirme, Snoot, Blitzmesser usw.) sowie mehreren Hintergr\u00fcnden (Schwarz-, Wei\u00df-, Grau- und Burgunderpapier) ausgestattet.&nbsp;<\/p>\n\n\n\n<p><em>Sie m\u00fcssen einen Studiofotografiekurs absolviert haben, um eine Buchungsanfrage stellen zu k\u00f6nnen.<\/em><\/p>\n\n\n\n<p><strong>F\u00fcr alle Studio-Reservierungen verwenden Sie bitte das Formular auf der Seite <\/strong><a href=\"http:\/\/english.ciel.lu\/de\/studio-booking\/\" target=\"_blank\" rel=\"noreferrer noopener\"><strong>Studio-Buchung<\/strong><\/a><strong>.<\/strong>\u00a0<\/p>\n\n\n\n<p><strong>Betrachten der Fotos&nbsp;<\/strong>&nbsp;<\/p>\n\n\n\n<p>Fotos werden auf einem 75-Zoll-Sony 4K-Bildschirm mit einer Aufl\u00f6sung von 3840 x 2160 Pixeln betrachtet.\u00a0<\/p>\n\n\n\n<p><strong>Bibliothek&nbsp;<\/strong>&nbsp;<\/p>\n\n\n\n<p>Wir haben \u00fcber 350 Kunst- und technische Nachschlagewerke, Monographien und Ausstellungskataloge.<\/p>","protected":false},"excerpt":{"rendered":"<p>Der CIEL verf\u00fcgt \u00fcber eine breite Palette an hochwertigen Ger\u00e4ten, die praktisch alle Bed\u00fcrfnisse von [...]<\/p>","protected":false},"author":6,"featured_media":0,"parent":0,"menu_order":0,"comment_status":"closed","ping_status":"closed","template":"","meta":{"footnotes":""},"class_list":["post-3303","page","type-page","status-publish","hentry"],"jetpack_sharing_enabled":true,"_links":{"self":[{"href":"http:\/\/english.ciel.lu\/de\/wp-json\/wp\/v2\/pages\/3303","targetHints":{"allow":["GET"]}}],"collection":[{"href":"http:\/\/english.ciel.lu\/de\/wp-json\/wp\/v2\/pages"}],"about":[{"href":"http:\/\/english.ciel.lu\/de\/wp-json\/wp\/v2\/types\/page"}],"author":[{"embeddable":true,"href":"http:\/\/english.ciel.lu\/de\/wp-json\/wp\/v2\/users\/6"}],"replies":[{"embeddable":true,"href":"http:\/\/english.ciel.lu\/de\/wp-json\/wp\/v2\/comments?post=3303"}],"version-history":[{"count":4,"href":"http:\/\/english.ciel.lu\/de\/wp-json\/wp\/v2\/pages\/3303\/revisions"}],"predecessor-version":[{"id":3551,"href":"http:\/\/english.ciel.lu\/de\/wp-json\/wp\/v2\/pages\/3303\/revisions\/3551"}],"wp:attachment":[{"href":"http:\/\/english.ciel.lu\/de\/wp-json\/wp\/v2\/media?parent=3303"}],"curies":[{"name":"wp","href":"https:\/\/api.w.org\/{rel}","templated":true}]}}