{"id":3309,"date":"2024-11-22T21:26:38","date_gmt":"2024-11-22T20:26:38","guid":{"rendered":"https:\/\/www.ciel.lu\/?page_id=3309"},"modified":"2024-11-25T22:52:33","modified_gmt":"2024-11-25T21:52:33","slug":"studio-booking","status":"publish","type":"page","link":"http:\/\/english.ciel.lu\/de\/studio-booking\/","title":{"rendered":"Studio-Buchung\u00a0\u00a0"},"content":{"rendered":"<p>Als CIEL-Mitglied k\u00f6nnen Sie das Studio reservieren, sofern Sie Ihr Jahresabonnement bezahlt haben.&nbsp;<\/p>\n\n\n\n<p>Bevor Sie eine Anfrage zur Reservierung des Studios senden, \u00fcberpr\u00fcfen Sie die Verf\u00fcgbarkeit im folgenden Kalender:&nbsp;<\/p>\n\n\n<p><span data-ccp-props=\"{}\">&nbsp;<\/span><\/p>\n<p><iframe loading=\"lazy\" style=\"border: 0;\" src=\"https:\/\/calendar.google.com\/calendar\/embed?src=rqb0mteiboh002igcam2tss5tk%40group.calendar.google.com&amp;ctz=Europe%2FLuxembourg\" width=\"600\" height=\"600\" frameborder=\"0\" scrolling=\"no\"><\/iframe><\/p>\n\n\n<p>Das Studio ist zug\u00e4nglich:&nbsp;<\/p>\n\n\n\n<ul class=\"wp-block-list\">\n<li>ohne Vorank\u00fcndigung:&nbsp;<\/li>\n<\/ul>\n\n\n\n<ul class=\"wp-block-list\">\n<li>Montag bis Freitag von 16:30 bis 23:00 Uhr&nbsp;<\/li>\n<\/ul>\n\n\n\n<ul class=\"wp-block-list\">\n<li>Samstags von 10:00 bis 18:00 Uhr&nbsp;<\/li>\n<\/ul>\n\n\n\n<ul class=\"wp-block-list\">\n<li>mit einer K\u00fcndigungsfrist von mindestens einer Woche:&nbsp;&nbsp;<\/li>\n<\/ul>\n\n\n\n<ul class=\"wp-block-list\">\n<li>Montag bis Freitag von 09:00 bis 16:30 Uhr&nbsp;<\/li>\n<\/ul>\n\n\n\n<p>Wenn das Studio an dem von Ihnen gew\u00fcnschten Datum verf\u00fcgbar ist, senden Sie eine Buchungsanfrage \u00fcber das untenstehende Kontaktformular. In der Regel erhalten Sie innerhalb von 24 Stunden eine Best\u00e4tigung per E-Mail.&nbsp;<\/p>\n\n\n\n<p>Wenn Sie von einer oder mehreren Personen begleitet werden (Assistent, Model oder andere), sind Sie f\u00fcr deren Verhalten w\u00e4hrend Ihres Besuchs im Foyer und Studio des Clubs verantwortlich.&nbsp;<\/p>\n\n\n\n<div class=\"wpcf7 no-js\" id=\"wpcf7-f3372-o1\" lang=\"en-US\" dir=\"ltr\" data-wpcf7-id=\"3372\">\n<div class=\"screen-reader-response\"><p role=\"status\" aria-live=\"polite\" aria-atomic=\"true\"><\/p> <ul><\/ul><\/div>\n<form action=\"\/de\/wp-json\/wp\/v2\/pages\/3309#wpcf7-f3372-o1\" method=\"post\" class=\"wpcf7-form init\" aria-label=\"Kontaktformular\" novalidate=\"novalidate\" data-status=\"init\" data-etm-original-action=\"\/de\/wp-json\/wp\/v2\/pages\/3309#wpcf7-f3372-o1\">\n<fieldset class=\"hidden-fields-container\"><input type=\"hidden\" name=\"_wpcf7\" value=\"3372\" \/><input type=\"hidden\" name=\"_wpcf7_version\" value=\"6.1.5\" \/><input type=\"hidden\" name=\"_wpcf7_locale\" value=\"en_US\" \/><input type=\"hidden\" name=\"_wpcf7_unit_tag\" value=\"wpcf7-f3372-o1\" \/><input type=\"hidden\" name=\"_wpcf7_container_post\" value=\"0\" \/><input type=\"hidden\" name=\"_wpcf7_posted_data_hash\" value=\"\" \/><input type=\"hidden\" name=\"_wpcf7_recaptcha_response\" value=\"\" \/>\n<\/fieldset>\n<p><label> Ihr Name<br \/>\n<span class=\"wpcf7-form-control-wrap\" data-name=\"your-name\"><input size=\"40\" maxlength=\"400\" class=\"wpcf7-form-control wpcf7-text wpcf7-validates-as-required\" autocomplete=\"name\" aria-required=\"true\" aria-invalid=\"false\" value=\"\" type=\"text\" name=\"your-name\" \/><\/span> <\/label>\n<\/p>\n<p><label> Ihre E-Mail-Adresse<br \/>\n<span class=\"wpcf7-form-control-wrap\" data-name=\"your-email\"><input size=\"40\" maxlength=\"400\" class=\"wpcf7-form-control wpcf7-email wpcf7-validates-as-required wpcf7-text wpcf7-validates-as-email\" autocomplete=\"email\" aria-required=\"true\" aria-invalid=\"false\" value=\"\" type=\"email\" name=\"your-email\" \/><\/span> <\/label>\n<\/p>\n<p><label> Betreff<br \/>\n<span class=\"wpcf7-form-control-wrap\" data-name=\"your-subject\"><input size=\"40\" maxlength=\"400\" class=\"wpcf7-form-control wpcf7-text wpcf7-validates-as-required\" aria-required=\"true\" aria-invalid=\"false\" value=\"\" type=\"text\" name=\"your-subject\" \/><\/span> <\/label>\n<\/p>\n<p><label> Ihr gew\u00e4hltes Datum<br \/>\n<span class=\"wpcf7-form-control-wrap\" data-name=\"date-to-choose\"><input class=\"wpcf7-form-control wpcf7-date wpcf7-validates-as-required wpcf7-validates-as-date\" aria-required=\"true\" aria-invalid=\"false\" value=\"\" type=\"date\" name=\"date-to-choose\" \/><\/span> <\/label>\n<\/p>\n<p><label> Beginn der Sitzung<br \/>\n<span class=\"wpcf7-form-control-wrap\" data-name=\"select-496\"><select class=\"wpcf7-form-control wpcf7-select\" aria-invalid=\"false\" name=\"select-496\"><option value=\"09\">09<\/option><option value=\"10\">10<\/option><option value=\"11\">11<\/option><option value=\"12\">12<\/option><option value=\"13\">13<\/option><option value=\"14\">14<\/option><option value=\"15\">15<\/option><option value=\"16\">16<\/option><option value=\"17\">17<\/option><option value=\"18\">18<\/option><option value=\"19\">19<\/option><option value=\"20\">20<\/option><option value=\"21\">21<\/option><option value=\"22\">22<\/option><\/select><\/span> <\/label>\n<\/p>\n<p><label> Beginn der Sitzungsprotokolle<br \/>\n<span class=\"wpcf7-form-control-wrap\" data-name=\"select-497\"><select class=\"wpcf7-form-control wpcf7-select\" aria-invalid=\"false\" name=\"select-497\"><option value=\"00\">00<\/option><option value=\"15\">15<\/option><option value=\"30\">30<\/option><option value=\"45\">45<\/option><\/select><\/span> <\/label>\n<\/p>\n<p><label> Abschlussstunde der Sitzung<br \/>\n<span class=\"wpcf7-form-control-wrap\" data-name=\"select-498\"><select class=\"wpcf7-form-control wpcf7-select\" aria-invalid=\"false\" name=\"select-498\"><option value=\"10\">10<\/option><option value=\"11\">11<\/option><option value=\"12\">12<\/option><option value=\"13\">13<\/option><option value=\"14\">14<\/option><option value=\"15\">15<\/option><option value=\"16\">16<\/option><option value=\"17\">17<\/option><option value=\"18\">18<\/option><option value=\"19\">19<\/option><option value=\"20\">20<\/option><option value=\"21\">21<\/option><option value=\"22\">22<\/option><option value=\"23\">23<\/option><\/select><\/span> <\/label>\n<\/p>\n<p><label> Abschlussprotokoll der Sitzung<br \/>\n<span class=\"wpcf7-form-control-wrap\" data-name=\"select-499\"><select class=\"wpcf7-form-control wpcf7-select\" aria-invalid=\"false\" name=\"select-499\"><option value=\"00\">00<\/option><option value=\"15\">15<\/option><option value=\"30\">30<\/option><option value=\"45\">45<\/option><\/select><\/span> <\/label>\n<\/p>\n<p><label> Ihre Nachricht (optional)<br \/>\n<span class=\"wpcf7-form-control-wrap\" data-name=\"your-message\"><textarea cols=\"40\" rows=\"10\" maxlength=\"2000\" class=\"wpcf7-form-control wpcf7-textarea\" aria-invalid=\"false\" name=\"your-message\"><\/textarea><\/span> <\/label>\n<\/p>\n<p><input class=\"wpcf7-form-control wpcf7-submit has-spinner\" type=\"submit\" value=\"Abschicken\" \/>\n<\/p><div class=\"wpcf7-response-output\" aria-hidden=\"true\"><\/div>\n<input type=\"hidden\" name=\"etm-form-language\" value=\"de\"\/><\/form>\n<\/div>","protected":false},"excerpt":{"rendered":"<p>Als CIEL-Mitglied k\u00f6nnen Sie das Studio reservieren, sofern Sie Ihr j\u00e4hrliches [...]<\/p>","protected":false},"author":6,"featured_media":0,"parent":0,"menu_order":0,"comment_status":"closed","ping_status":"closed","template":"","meta":{"footnotes":""},"class_list":["post-3309","page","type-page","status-publish","hentry"],"jetpack_sharing_enabled":true,"_links":{"self":[{"href":"http:\/\/english.ciel.lu\/de\/wp-json\/wp\/v2\/pages\/3309","targetHints":{"allow":["GET"]}}],"collection":[{"href":"http:\/\/english.ciel.lu\/de\/wp-json\/wp\/v2\/pages"}],"about":[{"href":"http:\/\/english.ciel.lu\/de\/wp-json\/wp\/v2\/types\/page"}],"author":[{"embeddable":true,"href":"http:\/\/english.ciel.lu\/de\/wp-json\/wp\/v2\/users\/6"}],"replies":[{"embeddable":true,"href":"http:\/\/english.ciel.lu\/de\/wp-json\/wp\/v2\/comments?post=3309"}],"version-history":[{"count":3,"href":"http:\/\/english.ciel.lu\/de\/wp-json\/wp\/v2\/pages\/3309\/revisions"}],"predecessor-version":[{"id":3375,"href":"http:\/\/english.ciel.lu\/de\/wp-json\/wp\/v2\/pages\/3309\/revisions\/3375"}],"wp:attachment":[{"href":"http:\/\/english.ciel.lu\/de\/wp-json\/wp\/v2\/media?parent=3309"}],"curies":[{"name":"wp","href":"https:\/\/api.w.org\/{rel}","templated":true}]}}