{"id":3443,"date":"2025-02-02T22:27:06","date_gmt":"2025-02-02T21:27:06","guid":{"rendered":"http:\/\/english.ciel.lu\/?page_id=3443"},"modified":"2026-01-19T09:39:55","modified_gmt":"2026-01-19T08:39:55","slug":"membership","status":"publish","type":"page","link":"http:\/\/english.ciel.lu\/de\/membership\/","title":{"rendered":"Mitgliedschaft"},"content":{"rendered":"<p>Sie k\u00f6nnen Mitglied werden oder Ihre Mitgliedschaft verl\u00e4ngern, indem Sie das untenstehende Mitgliedsformular ausf\u00fcllen und die Jahresgeb\u00fchr auf das CIEL-Konto \u00fcberweisen (Details unten auf der Seite). <\/p>\n\n\n\n<p>Die Mitgliedschaft ist f\u00fcr ein Kalenderjahr g\u00fcltig.&nbsp;<\/p>\n\n\n\n<p>Bitte beachten Sie: Gesch\u00e4ftsadressen lehnen unsere E-Mails oft ab, also geben Sie uns bitte Ihre private E-Mail-Adresse an!<\/p>\n\n\n\n<div class=\"wpcf7 no-js\" id=\"wpcf7-f3444-o1\" lang=\"en-US\" dir=\"ltr\" data-wpcf7-id=\"3444\">\n<div class=\"screen-reader-response\"><p role=\"status\" aria-live=\"polite\" aria-atomic=\"true\"><\/p> <ul><\/ul><\/div>\n<form action=\"\/de\/wp-json\/wp\/v2\/pages\/3443#wpcf7-f3444-o1\" method=\"post\" class=\"wpcf7-form init\" aria-label=\"Kontaktformular\" novalidate=\"novalidate\" data-status=\"init\" data-etm-original-action=\"\/de\/wp-json\/wp\/v2\/pages\/3443#wpcf7-f3444-o1\">\n<fieldset class=\"hidden-fields-container\"><input type=\"hidden\" name=\"_wpcf7\" value=\"3444\" \/><input type=\"hidden\" name=\"_wpcf7_version\" value=\"6.1.5\" \/><input type=\"hidden\" name=\"_wpcf7_locale\" value=\"en_US\" \/><input type=\"hidden\" name=\"_wpcf7_unit_tag\" value=\"wpcf7-f3444-o1\" \/><input type=\"hidden\" name=\"_wpcf7_container_post\" value=\"0\" \/><input type=\"hidden\" name=\"_wpcf7_posted_data_hash\" value=\"\" \/><input type=\"hidden\" name=\"_wpcf7_recaptcha_response\" value=\"\" \/>\n<\/fieldset>\n<p><label> Ihr Name*<br \/>\n<span class=\"wpcf7-form-control-wrap\" data-name=\"your-name\"><input size=\"40\" maxlength=\"400\" class=\"wpcf7-form-control wpcf7-text wpcf7-validates-as-required\" autocomplete=\"name\" aria-required=\"true\" aria-invalid=\"false\" value=\"\" type=\"text\" name=\"your-name\" \/><\/span> <\/label>\n<\/p>\n<p><label> Ihre E-Mail*<br \/>\n<span class=\"wpcf7-form-control-wrap\" data-name=\"your-email\"><input size=\"40\" maxlength=\"400\" class=\"wpcf7-form-control wpcf7-email wpcf7-validates-as-required wpcf7-text wpcf7-validates-as-email\" autocomplete=\"email\" aria-required=\"true\" aria-invalid=\"false\" value=\"\" type=\"email\" name=\"your-email\" \/><\/span> <\/label><br \/>\n<label> Ihr Telefon*<br \/>\n<span class=\"wpcf7-form-control-wrap\" data-name=\"tel-62\"><input size=\"40\" maxlength=\"400\" class=\"wpcf7-form-control wpcf7-tel wpcf7-validates-as-required wpcf7-text wpcf7-validates-as-tel\" aria-required=\"true\" aria-invalid=\"false\" value=\"\" type=\"tel\" name=\"tel-62\" \/><\/span> <\/label><br \/>\n<label> Beziehungen zu den EU-Organen*:<br \/>\n<span class=\"wpcf7-form-control-wrap\" data-name=\"select-136\"><select class=\"wpcf7-form-control wpcf7-select wpcf7-validates-as-required\" aria-required=\"true\" aria-invalid=\"false\" name=\"select-136\"><option value=\"Permanent staff\">Dauerbedienstete<\/option><option value=\"Pensioner\">Rentner<\/option><option value=\"Spouse of the permanent staff\/agent\">Ehegatte des st\u00e4ndigen Personals\/Agenten<\/option><option value=\"Child of the permanent staff\/agent\">Kind des st\u00e4ndigen Personals\/Agenten<\/option><option value=\"Trainee\">Praktikant\/in<\/option><option value=\"Other (external)\">Sonstige (externe)<\/option><\/select><\/span><br \/>\n<\/label>\n<\/p>\n<p><label> Wenn Sie einen unbefristeten Vertrag haben oder in Rente sind, geben Sie bitte Ihre Tr\u00e4ger an, falls nicht, schreiben Sie einfach \u201eSonstige\u201c.<br \/>\n<span class=\"wpcf7-form-control-wrap\" data-name=\"text-254\"><input size=\"40\" maxlength=\"400\" class=\"wpcf7-form-control wpcf7-text\" aria-invalid=\"false\" value=\"\" type=\"text\" name=\"text-254\" \/><\/span><br \/>\n<\/label>\n<\/p>\n<p><label> Ihre Nachricht (optional)<br \/>\n<span class=\"wpcf7-form-control-wrap\" data-name=\"your-message\"><textarea cols=\"40\" rows=\"10\" maxlength=\"2000\" class=\"wpcf7-form-control wpcf7-textarea\" aria-invalid=\"false\" name=\"your-message\"><\/textarea><\/span> <\/label>\n<\/p>\n<p><input class=\"wpcf7-form-control wpcf7-submit has-spinner\" type=\"submit\" value=\"Abschicken\" \/>\n<\/p><div class=\"wpcf7-response-output\" aria-hidden=\"true\"><\/div>\n<input type=\"hidden\" name=\"etm-form-language\" value=\"de\"\/><\/form>\n<\/div>\n\n\n\n<p>Mitgliedsbeitrag:&nbsp;&nbsp;<\/p>\n\n\n\n<p>60 EUR<\/p>\n\n\n\n<p>Bitte \u00fcberweisen Sie den unter \u201eMitgliedsbeitrag\u201c genannten Betrag auf die Bestellung von Photo Club CE, Konto <strong>IBAN LU86 0019 7955 0624 3000<\/strong> (BCEELULL) mit der Angabe \u201eCIEL-Mitgliedschaft + Jahr + Ihr Name oder der Name der beitretenden Person (falls die \u00dcbertragung von einer anderen Person vorgenommen wird)\u201c.\u00a0<\/p>","protected":false},"excerpt":{"rendered":"<p>Sie k\u00f6nnen Mitglied werden oder Ihre Mitgliedschaft verl\u00e4ngern, indem Sie das untenstehende Mitgliedsformular ausf\u00fcllen.<\/p>","protected":false},"author":1,"featured_media":0,"parent":0,"menu_order":0,"comment_status":"closed","ping_status":"closed","template":"","meta":{"footnotes":""},"class_list":["post-3443","page","type-page","status-publish","hentry"],"jetpack_sharing_enabled":true,"_links":{"self":[{"href":"http:\/\/english.ciel.lu\/de\/wp-json\/wp\/v2\/pages\/3443","targetHints":{"allow":["GET"]}}],"collection":[{"href":"http:\/\/english.ciel.lu\/de\/wp-json\/wp\/v2\/pages"}],"about":[{"href":"http:\/\/english.ciel.lu\/de\/wp-json\/wp\/v2\/types\/page"}],"author":[{"embeddable":true,"href":"http:\/\/english.ciel.lu\/de\/wp-json\/wp\/v2\/users\/1"}],"replies":[{"embeddable":true,"href":"http:\/\/english.ciel.lu\/de\/wp-json\/wp\/v2\/comments?post=3443"}],"version-history":[{"count":7,"href":"http:\/\/english.ciel.lu\/de\/wp-json\/wp\/v2\/pages\/3443\/revisions"}],"predecessor-version":[{"id":3526,"href":"http:\/\/english.ciel.lu\/de\/wp-json\/wp\/v2\/pages\/3443\/revisions\/3526"}],"wp:attachment":[{"href":"http:\/\/english.ciel.lu\/de\/wp-json\/wp\/v2\/media?parent=3443"}],"curies":[{"name":"wp","href":"https:\/\/api.w.org\/{rel}","templated":true}]}}