{"id":3297,"date":"2024-11-22T21:05:37","date_gmt":"2024-11-22T20:05:37","guid":{"rendered":"https:\/\/www.ciel.lu\/?page_id=3297"},"modified":"2024-11-24T00:22:24","modified_gmt":"2024-11-23T23:22:24","slug":"about-us","status":"publish","type":"page","link":"http:\/\/english.ciel.lu\/pt\/about-us\/","title":{"rendered":"Sobre n\u00f3s"},"content":{"rendered":"<figure class=\"wp-block-image size-large\"><img data-recalc-dims=\"1\" height=\"408\" width=\"640\" decoding=\"async\" src=\"https:\/\/i0.wp.com\/www.ciel.lu\/new_ciel\/wp-content\/uploads\/image-11-950x606.jpeg?resize=640%2C408&#038;ssl=1\" alt=\"\" class=\"wp-image-3298\"\/><\/figure>\n\n\n\n<p><strong>Clube Fotogr\u00e1fico CIEL<\/strong> est\u00e1 aberto a qualquer pessoa interessada em fotografia, desde iniciantes absolutos at\u00e9 entusiastas de fotografia experientes, jovens e velhos. Come\u00e7\u00e1mos em 1968 como um clube para funcion\u00e1rios da UE, mas nas \u00faltimas d\u00e9cadas quase metade dos nossos membros t\u00eam sido entusiastas da fotografia de todas as esferas da vida no Luxemburgo e no Luxemburgo. <em>Grande R\u00e9gion<\/em>.&nbsp;<\/p>\n\n\n\n<p><strong>Reunimo-nos todas as segundas-feiras \u00e0s 20h00.<\/strong> com um programa variado:&nbsp;<\/p>\n\n\n\n<p>\u2013 debatemos e trocamos <strong>coment\u00e1rios construtivos sobre as nossas fotografias<\/strong>&nbsp;<\/p>\n\n\n\n<p>\u2013 mostramos e aprendemos a <strong>processar imagens digitais<\/strong> no computador&nbsp;<\/p>\n\n\n\n<p>\u2013 damos aos membros a oportunidade de acolher um <strong>carta branca<\/strong> noite sobre um tema fotogr\u00e1fico \u00e0 sua escolha;&nbsp;&nbsp;<\/p>\n\n\n\n<p>\u2013 organizamos <strong>passeios tem\u00e1ticos<\/strong>, por exemplo, para o Schueberfouer, ou centrado na \u00abfotografia de rua\u00bb;&nbsp;&nbsp;<\/p>\n\n\n\n<p>\u2013 Disponibilizamos <strong>equipamento fotogr\u00e1fico<\/strong> (scanners de deslizamento, c\u00e2maras e lentes);&nbsp;&nbsp;<\/p>\n\n\n\n<p>\u2013 gerimos um <strong>biblioteca<\/strong> de livros de arte e de t\u00e9cnicas fotogr\u00e1ficas;&nbsp;&nbsp;<\/p>\n\n\n\n<p>\u2013 organizamos v\u00e1rias fotografias <strong>cursos de forma\u00e7\u00e3o<\/strong> em ingl\u00eas e franc\u00eas.&nbsp;&nbsp;<\/p>\n\n\n\n<p>Para al\u00e9m das nossas actividades semanais, todos os anos organizamos um <strong>exposi\u00e7\u00e3o coletiva<\/strong> sobre um tema que escolhemos em conjunto e trabalhamos ao longo do ano. Encontrar\u00e1 mais informa\u00e7\u00f5es sobre a nossa <strong>Exposi\u00e7\u00f5es<\/strong> p\u00e1gina.&nbsp;<\/p>\n\n\n\n<p>Alguns dos nossos membros partilham fotografias na nossa <a href=\"https:\/\/www.flickr.com\/groups\/photoclub_ciel\/\" target=\"_blank\" rel=\"noreferrer noopener\"><strong>Grupo Flickr<\/strong><\/a>.&nbsp;<\/p>\n\n\n\n<p><strong>Onde pode encontrar-nos?<\/strong>&nbsp;<br>Encontramo-nos no Foyer europ\u00e9en, 10 rue Heinrich Heine, na cidade do Luxemburgo, de meados de setembro a finais de junho, com uma pausa de ver\u00e3o. Verifique o programa antes de vir, j\u00e1 que \u00e0s vezes organizamos passeios. Recomendamos que nos contacte em info@ciel.lu antes da sua primeira visita.&nbsp;<\/p>\n\n\n\n<p><strong>Como posso tornar-me membro?<\/strong>&nbsp;<br>Pode tornar-se membro preenchendo o formul\u00e1rio de ades\u00e3o e transferindo a taxa anual para a conta CIEL indicada na p\u00e1gina de ades\u00e3o. A ades\u00e3o \u00e9 v\u00e1lida por um ano civil.&nbsp;<\/p>\n\n\n\n<p><strong>Cursos de forma\u00e7\u00e3o<\/strong>\u00a0<br>Encontrar\u00e1 os cursos de forma\u00e7\u00e3o atualmente dispon\u00edveis na <a href=\"http:\/\/english.ciel.lu\/pt\/courses\/\" data-type=\"page\" data-id=\"3300\">Cursos<\/a> p\u00e1gina. A ades\u00e3o \u00e0 CIEL para o ano civil em curso est\u00e1 inclu\u00edda nas propinas do curso para n\u00e3o-membros.\u00a0<\/p>\n\n\n\n<p class=\"has-black-color has-text-color has-link-color wp-elements-17afb237446ce4a27c98ea1a8315ed12\"><strong>O que se passa quando ?<\/strong>\u00a0<br>Veja o nosso <a href=\"https:\/\/www.ciel.lu\/calendar\/\">Calend\u00e1rio<\/a>.\u00a0\u00a0<\/p>","protected":false},"excerpt":{"rendered":"<p>O Photo Club CIEL est\u00e1 aberto a qualquer pessoa interessada em fotografia, do iniciante absoluto ao experiente [...]<\/p>","protected":false},"author":6,"featured_media":0,"parent":0,"menu_order":0,"comment_status":"closed","ping_status":"closed","template":"","meta":{"footnotes":""},"class_list":["post-3297","page","type-page","status-publish","hentry"],"jetpack_sharing_enabled":true,"_links":{"self":[{"href":"http:\/\/english.ciel.lu\/pt\/wp-json\/wp\/v2\/pages\/3297","targetHints":{"allow":["GET"]}}],"collection":[{"href":"http:\/\/english.ciel.lu\/pt\/wp-json\/wp\/v2\/pages"}],"about":[{"href":"http:\/\/english.ciel.lu\/pt\/wp-json\/wp\/v2\/types\/page"}],"author":[{"embeddable":true,"href":"http:\/\/english.ciel.lu\/pt\/wp-json\/wp\/v2\/users\/6"}],"replies":[{"embeddable":true,"href":"http:\/\/english.ciel.lu\/pt\/wp-json\/wp\/v2\/comments?post=3297"}],"version-history":[{"count":3,"href":"http:\/\/english.ciel.lu\/pt\/wp-json\/wp\/v2\/pages\/3297\/revisions"}],"predecessor-version":[{"id":3355,"href":"http:\/\/english.ciel.lu\/pt\/wp-json\/wp\/v2\/pages\/3297\/revisions\/3355"}],"wp:attachment":[{"href":"http:\/\/english.ciel.lu\/pt\/wp-json\/wp\/v2\/media?parent=3297"}],"curies":[{"name":"wp","href":"https:\/\/api.w.org\/{rel}","templated":true}]}}