{"id":3303,"date":"2024-11-22T21:13:56","date_gmt":"2024-11-22T20:13:56","guid":{"rendered":"https:\/\/www.ciel.lu\/?page_id=3303"},"modified":"2026-03-19T10:49:41","modified_gmt":"2026-03-19T09:49:41","slug":"equipment","status":"publish","type":"page","link":"http:\/\/english.ciel.lu\/pt\/equipment\/","title":{"rendered":"Equipamento"},"content":{"rendered":"<p>O CIEL tem uma ampla gama de equipamentos de alta qualidade que cobrem praticamente todas as necessidades da fotografia amadora.\u202fEste equipamento pode ser utilizado livremente pelos membros nas instala\u00e7\u00f5es (embora alguns exijam uma certa quantidade de forma\u00e7\u00e3o devido \u00e0 sua complexidade, fragilidade relativa ou custo) e pode ser emprestado durante uma ou duas semanas.<\/p>\n\n\n\n<p><strong>Se pretender emprestar equipamento (corpos de c\u00e2mara, lentes ou equipamento de est\u00fadio port\u00e1til), utilize <\/strong><a href=\"https:\/\/forms.gle\/TbhEvW5b1qYuuoub7\" target=\"_blank\" rel=\"noreferrer noopener\"><strong>este formul\u00e1rio<\/strong><\/a><strong>.<\/strong><\/p>\n\n\n\n<p><strong>Est\u00fadio<\/strong><\/p>\n\n\n\n<p>O est\u00fadio est\u00e1 equipado com um conjunto de unidades de flash eletr\u00f3nico Profoto e in\u00fameros acess\u00f3rios (softboxes, refletores, guarda-chuvas, snoot, flashmeter, etc.), bem como v\u00e1rios cen\u00e1rios (papel preto, branco, cinzento e burgundy).&nbsp;<\/p>\n\n\n\n<p><em>\u00c9 necess\u00e1rio ter feito um curso de fotografia de est\u00fadio para poder fazer um pedido de reserva.<\/em><\/p>\n\n\n\n<p><strong>Para todas as reservas de est\u00fadio, use o formul\u00e1rio na p\u00e1gina <\/strong><a href=\"http:\/\/english.ciel.lu\/pt\/studio-booking\/\" target=\"_blank\" rel=\"noreferrer noopener\"><strong>Reserva de est\u00fadio<\/strong><\/a><strong>.<\/strong>\u00a0<\/p>\n\n\n\n<p><strong>Ver as fotografias&nbsp;<\/strong>&nbsp;<\/p>\n\n\n\n<p>As fotografias s\u00e3o visualizadas num ecr\u00e3 Sony 4K de 75 polegadas com uma resolu\u00e7\u00e3o de 3840 x 2160 p\u00edxeis.\u00a0<\/p>\n\n\n\n<p><strong>Biblioteca&nbsp;<\/strong>&nbsp;<\/p>\n\n\n\n<p>Temos mais de 350 livros de arte e refer\u00eancias t\u00e9cnicas, monografias e cat\u00e1logos de exposi\u00e7\u00f5es.<\/p>","protected":false},"excerpt":{"rendered":"<p>O CIEL tem uma ampla gama de equipamentos de alta qualidade que cobrem praticamente todas as necessidades de [...]<\/p>","protected":false},"author":6,"featured_media":0,"parent":0,"menu_order":0,"comment_status":"closed","ping_status":"closed","template":"","meta":{"footnotes":""},"class_list":["post-3303","page","type-page","status-publish","hentry"],"jetpack_sharing_enabled":true,"_links":{"self":[{"href":"http:\/\/english.ciel.lu\/pt\/wp-json\/wp\/v2\/pages\/3303","targetHints":{"allow":["GET"]}}],"collection":[{"href":"http:\/\/english.ciel.lu\/pt\/wp-json\/wp\/v2\/pages"}],"about":[{"href":"http:\/\/english.ciel.lu\/pt\/wp-json\/wp\/v2\/types\/page"}],"author":[{"embeddable":true,"href":"http:\/\/english.ciel.lu\/pt\/wp-json\/wp\/v2\/users\/6"}],"replies":[{"embeddable":true,"href":"http:\/\/english.ciel.lu\/pt\/wp-json\/wp\/v2\/comments?post=3303"}],"version-history":[{"count":4,"href":"http:\/\/english.ciel.lu\/pt\/wp-json\/wp\/v2\/pages\/3303\/revisions"}],"predecessor-version":[{"id":3551,"href":"http:\/\/english.ciel.lu\/pt\/wp-json\/wp\/v2\/pages\/3303\/revisions\/3551"}],"wp:attachment":[{"href":"http:\/\/english.ciel.lu\/pt\/wp-json\/wp\/v2\/media?parent=3303"}],"curies":[{"name":"wp","href":"https:\/\/api.w.org\/{rel}","templated":true}]}}