{"id":3443,"date":"2025-02-02T22:27:06","date_gmt":"2025-02-02T21:27:06","guid":{"rendered":"http:\/\/english.ciel.lu\/?page_id=3443"},"modified":"2026-01-19T09:39:55","modified_gmt":"2026-01-19T08:39:55","slug":"membership","status":"publish","type":"page","link":"http:\/\/english.ciel.lu\/pt\/membership\/","title":{"rendered":"Composi\u00e7\u00e3o"},"content":{"rendered":"<p>Pode tornar-se membro ou renovar a sua ades\u00e3o preenchendo o formul\u00e1rio de ades\u00e3o abaixo e transferindo a taxa anual para a conta CIEL (detalhes na parte inferior da p\u00e1gina). <\/p>\n\n\n\n<p>A ades\u00e3o \u00e9 v\u00e1lida por um ano civil.&nbsp;<\/p>\n\n\n\n<p>Chama-se a aten\u00e7\u00e3o para o seguinte: endere\u00e7os de neg\u00f3cios muitas vezes rejeitar os nossos e-mails, por isso, por favor, d\u00ea-nos o seu endere\u00e7o de e-mail privado!<\/p>\n\n\n\n<div class=\"wpcf7 no-js\" id=\"wpcf7-f3444-o1\" lang=\"en-US\" dir=\"ltr\" data-wpcf7-id=\"3444\">\n<div class=\"screen-reader-response\"><p role=\"status\" aria-live=\"polite\" aria-atomic=\"true\"><\/p> <ul><\/ul><\/div>\n<form action=\"\/pt\/wp-json\/wp\/v2\/pages\/3443#wpcf7-f3444-o1\" method=\"post\" class=\"wpcf7-form init\" aria-label=\"Formul\u00e1rio de contacto\" novalidate=\"novalidate\" data-status=\"init\" data-etm-original-action=\"\/pt\/wp-json\/wp\/v2\/pages\/3443#wpcf7-f3444-o1\">\n<fieldset class=\"hidden-fields-container\"><input type=\"hidden\" name=\"_wpcf7\" value=\"3444\" \/><input type=\"hidden\" name=\"_wpcf7_version\" value=\"6.1.5\" \/><input type=\"hidden\" name=\"_wpcf7_locale\" value=\"en_US\" \/><input type=\"hidden\" name=\"_wpcf7_unit_tag\" value=\"wpcf7-f3444-o1\" \/><input type=\"hidden\" name=\"_wpcf7_container_post\" value=\"0\" \/><input type=\"hidden\" name=\"_wpcf7_posted_data_hash\" value=\"\" \/><input type=\"hidden\" name=\"_wpcf7_recaptcha_response\" value=\"\" \/>\n<\/fieldset>\n<p><label> O seu nome*<br \/>\n<span class=\"wpcf7-form-control-wrap\" data-name=\"your-name\"><input size=\"40\" maxlength=\"400\" class=\"wpcf7-form-control wpcf7-text wpcf7-validates-as-required\" autocomplete=\"name\" aria-required=\"true\" aria-invalid=\"false\" value=\"\" type=\"text\" name=\"your-name\" \/><\/span> <\/label>\n<\/p>\n<p><label> A sua mensagem de correio eletr\u00f3nico*<br \/>\n<span class=\"wpcf7-form-control-wrap\" data-name=\"your-email\"><input size=\"40\" maxlength=\"400\" class=\"wpcf7-form-control wpcf7-email wpcf7-validates-as-required wpcf7-text wpcf7-validates-as-email\" autocomplete=\"email\" aria-required=\"true\" aria-invalid=\"false\" value=\"\" type=\"email\" name=\"your-email\" \/><\/span> <\/label><br \/>\n<label> O seu telefone*<br \/>\n<span class=\"wpcf7-form-control-wrap\" data-name=\"tel-62\"><input size=\"40\" maxlength=\"400\" class=\"wpcf7-form-control wpcf7-tel wpcf7-validates-as-required wpcf7-text wpcf7-validates-as-tel\" aria-required=\"true\" aria-invalid=\"false\" value=\"\" type=\"tel\" name=\"tel-62\" \/><\/span> <\/label><br \/>\n<label> Rela\u00e7\u00e3o com as institui\u00e7\u00f5es da UE*:<br \/>\n<span class=\"wpcf7-form-control-wrap\" data-name=\"select-136\"><select class=\"wpcf7-form-control wpcf7-select wpcf7-validates-as-required\" aria-required=\"true\" aria-invalid=\"false\" name=\"select-136\"><option value=\"Permanent staff\">Pessoal permanente<\/option><option value=\"Pensioner\">Pensionista<\/option><option value=\"Spouse of the permanent staff\/agent\">C\u00f4njuge do pessoal permanente\/agente<\/option><option value=\"Child of the permanent staff\/agent\">Filho do pessoal permanente\/agente<\/option><option value=\"Trainee\">Estagi\u00e1rio<\/option><option value=\"Other (external)\">Outros (externos)<\/option><\/select><\/span><br \/>\n<\/label>\n<\/p>\n<p><label> Se tiver um contrato permanente ou uma pens\u00e3o, indique as suas institui\u00e7\u00f5es, caso contr\u00e1rio, escreva \u00abOutros\u00bb<br \/>\n<span class=\"wpcf7-form-control-wrap\" data-name=\"text-254\"><input size=\"40\" maxlength=\"400\" class=\"wpcf7-form-control wpcf7-text\" aria-invalid=\"false\" value=\"\" type=\"text\" name=\"text-254\" \/><\/span><br \/>\n<\/label>\n<\/p>\n<p><label> A sua mensagem (facultativo)<br \/>\n<span class=\"wpcf7-form-control-wrap\" data-name=\"your-message\"><textarea cols=\"40\" rows=\"10\" maxlength=\"2000\" class=\"wpcf7-form-control wpcf7-textarea\" aria-invalid=\"false\" name=\"your-message\"><\/textarea><\/span> <\/label>\n<\/p>\n<p><input class=\"wpcf7-form-control wpcf7-submit has-spinner\" type=\"submit\" value=\"Enviar\" \/>\n<\/p><div class=\"wpcf7-response-output\" aria-hidden=\"true\"><\/div>\n<input type=\"hidden\" name=\"etm-form-language\" value=\"pt\"\/><\/form>\n<\/div>\n\n\n\n<p>Quotiza\u00e7\u00e3o:&nbsp;&nbsp;<\/p>\n\n\n\n<p>60 EUR<\/p>\n\n\n\n<p>Transferir o montante mencionado em \u00abTaxa de ades\u00e3o\u00bb para a encomenda do Photo Club CE, conta <strong>IBAN LU86 0019 7955 0624 3000<\/strong> (BCEELULL) mencionando \u00abMembro CIEL + ano + o seu nome ou o nome da pessoa que se junta (se a transfer\u00eancia for efetuada por outra pessoa)\u00bb.\u00a0<\/p>","protected":false},"excerpt":{"rendered":"<p>Pode tornar-se membro ou renovar a sua ades\u00e3o preenchendo o formul\u00e1rio de ades\u00e3o abaixo [...]<\/p>","protected":false},"author":1,"featured_media":0,"parent":0,"menu_order":0,"comment_status":"closed","ping_status":"closed","template":"","meta":{"footnotes":""},"class_list":["post-3443","page","type-page","status-publish","hentry"],"jetpack_sharing_enabled":true,"_links":{"self":[{"href":"http:\/\/english.ciel.lu\/pt\/wp-json\/wp\/v2\/pages\/3443","targetHints":{"allow":["GET"]}}],"collection":[{"href":"http:\/\/english.ciel.lu\/pt\/wp-json\/wp\/v2\/pages"}],"about":[{"href":"http:\/\/english.ciel.lu\/pt\/wp-json\/wp\/v2\/types\/page"}],"author":[{"embeddable":true,"href":"http:\/\/english.ciel.lu\/pt\/wp-json\/wp\/v2\/users\/1"}],"replies":[{"embeddable":true,"href":"http:\/\/english.ciel.lu\/pt\/wp-json\/wp\/v2\/comments?post=3443"}],"version-history":[{"count":7,"href":"http:\/\/english.ciel.lu\/pt\/wp-json\/wp\/v2\/pages\/3443\/revisions"}],"predecessor-version":[{"id":3526,"href":"http:\/\/english.ciel.lu\/pt\/wp-json\/wp\/v2\/pages\/3443\/revisions\/3526"}],"wp:attachment":[{"href":"http:\/\/english.ciel.lu\/pt\/wp-json\/wp\/v2\/media?parent=3443"}],"curies":[{"name":"wp","href":"https:\/\/api.w.org\/{rel}","templated":true}]}}