{"id":3305,"date":"2024-11-22T21:15:12","date_gmt":"2024-11-22T20:15:12","guid":{"rendered":"https:\/\/www.ciel.lu\/?page_id=3305"},"modified":"2025-03-13T10:00:18","modified_gmt":"2025-03-13T09:00:18","slug":"exhibitions","status":"publish","type":"page","link":"https:\/\/english.ciel.lu\/de\/exhibitions\/","title":{"rendered":"Ausstellungen\u00a0"},"content":{"rendered":"<p>Jedes Jahr organisieren wir eine Gruppenausstellung zu einem Thema, das wir gemeinsam ausw\u00e4hlen und das ganze Jahr \u00fcber bearbeiten.&nbsp;<\/p>\n\n\n\n<p>Alle Fotos werden speziell f\u00fcr diese Ausstellung gemacht, und jedes Jahr versuchen wir, die Messlatte etwas h\u00f6her zu legen, insbesondere in Bezug auf die technische Qualit\u00e4t, Zusammensetzung und Originalit\u00e4t der ausgew\u00e4hlten Werke.&nbsp;<\/p>\n\n\n\n<p>Wir tasten immer am Anfang herum, inspirieren uns gegenseitig, indem wir unsere ersten Interpretationen des Themas zeigen und schlie\u00dflich zu einer Sammlung gelangen, die verschiedene Visionen und Stile umfasst und gleichzeitig eine koh\u00e4rente Ausstellung darstellt.&nbsp;<\/p>\n\n\n\n<p>Auf diese Weise wird jede Ausstellung zu mehr als einer Sammlung von Fotografien, die von Einzelpersonen aufgenommen wurden: es ist eine Herausforderung, die uns inspiriert, uns selbst zu \u00fcbertreffen; Es ist ein Team, das wir gemeinsam aufbauen, aufh\u00e4ngen und pr\u00e4sentieren, eine Quelle des Stolzes f\u00fcr uns alle.&nbsp;<\/p>\n\n\n\n<p>Nachfolgend finden Sie eine Liste von Themen der letzten Jahre, illustriert durch Fotos oder Fotob\u00fccher.&nbsp;<\/p>\n\n\n\n<p>2025: B\u00e4ume und Wasser \u2013 <a href=\"https:\/\/english.ciel.lu\/de\/symphony-of-water-and-trees\/\" data-type=\"link\" data-id=\"http:\/\/english.ciel.lu\/symphony-of-water-and-trees\/\">Ausstellung im La Belle Etoile<\/a>, M\u00e4rz-April 2025\u00a0<\/p>\n\n\n\n<p>2024: H2O \u2013 Ausstellung im EY Kirchberg, der Europ\u00e4ischen Investitionsbank und dem Amt f\u00fcr Ver\u00f6ffentlichungen der Europ\u00e4ischen Union&nbsp;<\/p>\n\n\n\n<figure class=\"wp-block-image size-large is-resized\"><img data-recalc-dims=\"1\" height=\"480\" width=\"640\" decoding=\"async\" src=\"https:\/\/i0.wp.com\/www.ciel.lu\/new_ciel\/wp-content\/uploads\/image-17-950x713.jpeg?resize=640%2C480&#038;ssl=1\" alt=\"\" class=\"wp-image-3317\" style=\"width:668px;height:auto\"\/><\/figure>\n\n\n\n<p>2022\/2023: Wege&nbsp;&nbsp;<\/p>\n\n\n\n<figure class=\"wp-block-image size-large is-resized\"><img data-recalc-dims=\"1\" height=\"480\" width=\"640\" decoding=\"async\" src=\"https:\/\/i0.wp.com\/www.ciel.lu\/new_ciel\/wp-content\/uploads\/image-15-950x713.jpeg?resize=640%2C480&#038;ssl=1\" alt=\"\" class=\"wp-image-3315\" style=\"width:666px;height:auto\"\/><\/figure>\n\n\n\n<p>2021: Bewegung&nbsp;<\/p>\n\n\n\n<figure class=\"wp-block-image size-large is-resized\"><img data-recalc-dims=\"1\" height=\"480\" width=\"640\" decoding=\"async\" src=\"https:\/\/i0.wp.com\/www.ciel.lu\/new_ciel\/wp-content\/uploads\/image-22-950x713.jpeg?resize=640%2C480&#038;ssl=1\" alt=\"\" class=\"wp-image-3322\" style=\"width:658px;height:auto\"\/><\/figure>\n\n\n\n<p>2020: Minimalismus (virtuelle Ausstellung w\u00e4hrend der Pandemie)&nbsp;<\/p>\n\n\n\n<figure class=\"wp-block-image size-large is-resized\"><img data-recalc-dims=\"1\" height=\"480\" width=\"640\" decoding=\"async\" src=\"https:\/\/i0.wp.com\/www.ciel.lu\/new_ciel\/wp-content\/uploads\/image-20-950x713.jpeg?resize=640%2C480&#038;ssl=1\" alt=\"\" class=\"wp-image-3320\" style=\"width:658px;height:auto\"\/><\/figure>\n\n\n\n<p>2019: Licht und Schatten (Schwarz-Wei\u00df-Fotos)&nbsp;<\/p>\n\n\n\n<figure class=\"wp-block-image size-large is-resized\"><img data-recalc-dims=\"1\" height=\"960\" width=\"640\" decoding=\"async\" src=\"https:\/\/i0.wp.com\/www.ciel.lu\/new_ciel\/wp-content\/uploads\/image-21-950x1425.jpeg?resize=640%2C960&#038;ssl=1\" alt=\"\" class=\"wp-image-3321\" style=\"width:464px;height:auto\"\/><\/figure>\n\n\n\n<p>2018: MyEurope&nbsp;<\/p>\n\n\n\n<figure class=\"wp-block-image size-full\"><img data-recalc-dims=\"1\" decoding=\"async\" src=\"https:\/\/i0.wp.com\/www.ciel.lu\/new_ciel\/wp-content\/uploads\/image-12.jpeg?w=640&#038;ssl=1\" alt=\"\" class=\"wp-image-3312\"\/><\/figure>\n\n\n\n<p>2017 : Regen&nbsp;<\/p>\n\n\n\n<figure class=\"wp-block-image size-large is-resized\"><img data-recalc-dims=\"1\" height=\"344\" width=\"640\" decoding=\"async\" src=\"https:\/\/i0.wp.com\/www.ciel.lu\/new_ciel\/wp-content\/uploads\/image-19-950x510.jpeg?resize=640%2C344&#038;ssl=1\" alt=\"\" class=\"wp-image-3319\" style=\"width:624px;height:auto\"\/><\/figure>\n\n\n\n<p>2016: OneStreet&nbsp;<\/p>\n\n\n\n<figure class=\"wp-block-image size-large is-resized\"><img data-recalc-dims=\"1\" height=\"480\" width=\"640\" decoding=\"async\" src=\"https:\/\/i0.wp.com\/www.ciel.lu\/new_ciel\/wp-content\/uploads\/image-18-950x713.jpeg?resize=640%2C480&#038;ssl=1\" alt=\"\" class=\"wp-image-3318\" style=\"width:669px;height:auto\"\/><\/figure>\n\n\n\n<p>2013: Gemeinsam wachsen, Europ\u00e4isches Jahr der Unionsb\u00fcrgerschaft&nbsp;<\/p>\n\n\n\n<figure class=\"wp-block-image size-large is-resized\"><img data-recalc-dims=\"1\" height=\"480\" width=\"640\" decoding=\"async\" src=\"https:\/\/i0.wp.com\/www.ciel.lu\/new_ciel\/wp-content\/uploads\/image-16-950x713.jpeg?resize=640%2C480&#038;ssl=1\" alt=\"\" class=\"wp-image-3316\" style=\"width:678px;height:auto\"\/><\/figure>\n\n\n\n<p>2012: Forever Young, Europ\u00e4isches Jahr 2012 zum Thema aktives Altern und Solidarit\u00e4t zwischen den Generationen&nbsp;<\/p>\n\n\n\n<figure class=\"wp-block-image size-large is-resized\"><img data-recalc-dims=\"1\" height=\"480\" width=\"640\" decoding=\"async\" src=\"https:\/\/i0.wp.com\/www.ciel.lu\/new_ciel\/wp-content\/uploads\/image-14-950x713.jpeg?resize=640%2C480&#038;ssl=1\" alt=\"\" class=\"wp-image-3314\" style=\"width:681px;height:auto\"\/><\/figure>\n\n\n\n<p>2011: Orte.Menschen.Geschichten&nbsp;<\/p>\n\n\n\n<p>2010: Die Zukunft ist gr\u00fcn&nbsp;&nbsp;<\/p>\n\n\n\n<p>2008: Luxemburg, Stadt der kurzen Wege&nbsp;<\/p>\n\n\n\n<figure class=\"wp-block-image size-full\"><img data-recalc-dims=\"1\" decoding=\"async\" src=\"https:\/\/i0.wp.com\/www.ciel.lu\/new_ciel\/wp-content\/uploads\/image-13.jpeg?w=640&#038;ssl=1\" alt=\"\" class=\"wp-image-3313\"\/><\/figure>\n\n\n\n<p>2007: Luxemburg 2007, Kulturhauptstadt Europas \u2013 Ausstellung im Kloster Neum\u00fcnster&nbsp;<\/p>\n\n\n\n<p><\/p>","protected":false},"excerpt":{"rendered":"<p>Jedes Jahr organisieren wir eine Gruppenausstellung zu einem Thema, das wir gemeinsam ausw\u00e4hlen und [...]<\/p>","protected":false},"author":6,"featured_media":0,"parent":0,"menu_order":0,"comment_status":"closed","ping_status":"closed","template":"","meta":{"footnotes":""},"class_list":["post-3305","page","type-page","status-publish","hentry"],"jetpack_sharing_enabled":true,"_links":{"self":[{"href":"https:\/\/english.ciel.lu\/de\/wp-json\/wp\/v2\/pages\/3305","targetHints":{"allow":["GET"]}}],"collection":[{"href":"https:\/\/english.ciel.lu\/de\/wp-json\/wp\/v2\/pages"}],"about":[{"href":"https:\/\/english.ciel.lu\/de\/wp-json\/wp\/v2\/types\/page"}],"author":[{"embeddable":true,"href":"https:\/\/english.ciel.lu\/de\/wp-json\/wp\/v2\/users\/6"}],"replies":[{"embeddable":true,"href":"https:\/\/english.ciel.lu\/de\/wp-json\/wp\/v2\/comments?post=3305"}],"version-history":[{"count":2,"href":"https:\/\/english.ciel.lu\/de\/wp-json\/wp\/v2\/pages\/3305\/revisions"}],"predecessor-version":[{"id":3460,"href":"https:\/\/english.ciel.lu\/de\/wp-json\/wp\/v2\/pages\/3305\/revisions\/3460"}],"wp:attachment":[{"href":"https:\/\/english.ciel.lu\/de\/wp-json\/wp\/v2\/media?parent=3305"}],"curies":[{"name":"wp","href":"https:\/\/api.w.org\/{rel}","templated":true}]}}