{"id":3305,"date":"2024-11-22T21:15:12","date_gmt":"2024-11-22T20:15:12","guid":{"rendered":"https:\/\/www.ciel.lu\/?page_id=3305"},"modified":"2025-03-13T10:00:18","modified_gmt":"2025-03-13T09:00:18","slug":"exhibitions","status":"publish","type":"page","link":"https:\/\/english.ciel.lu\/it\/exhibitions\/","title":{"rendered":"Mostre\u00a0"},"content":{"rendered":"<p>Ogni anno organizziamo una mostra collettiva su un tema che scegliamo insieme e su cui lavoriamo durante tutto l'anno.&nbsp;<\/p>\n\n\n\n<p>Tutte le foto sono scattate appositamente per questa mostra, e ogni anno cerchiamo di alzare l'asticella un po' pi\u00f9 in alto, in particolare in termini di qualit\u00e0 tecnica, composizione e originalit\u00e0 delle opere selezionate.&nbsp;<\/p>\n\n\n\n<p>Siamo sempre a tentoni all'inizio, ci ispiriamo l'un l'altro mostrando le nostre prime interpretazioni del tema e, infine, arriviamo a una collezione che comprende visioni e stili diversi, pur costituendo una mostra coerente.&nbsp;<\/p>\n\n\n\n<p>In questo modo, ogni mostra diventa pi\u00f9 di una raccolta di fotografie scattate da individui: \u00e8 una sfida che ci ispira a superare noi stessi; \u00e8 uno sforzo di squadra che costruiamo, appendiamo e presentiamo insieme, motivo di orgoglio per tutti noi.&nbsp;<\/p>\n\n\n\n<p>Di seguito \u00e8 riportato un elenco di temi degli anni passati, illustrati da foto o libri fotografici.&nbsp;<\/p>\n\n\n\n<p>2025: Alberi e acqua \u2013 <a href=\"https:\/\/english.ciel.lu\/it\/symphony-of-water-and-trees\/\" data-type=\"link\" data-id=\"http:\/\/english.ciel.lu\/symphony-of-water-and-trees\/\">mostra a La Belle Etoile<\/a>, marzo-aprile 2025\u00a0<\/p>\n\n\n\n<p>2024: H2O \u2013 mostra presso EY Kirchberg, la Banca europea per gli investimenti e l'Ufficio delle pubblicazioni dell'Unione europea&nbsp;<\/p>\n\n\n\n<figure class=\"wp-block-image size-large is-resized\"><img data-recalc-dims=\"1\" height=\"480\" width=\"640\" decoding=\"async\" src=\"https:\/\/i0.wp.com\/www.ciel.lu\/new_ciel\/wp-content\/uploads\/image-17-950x713.jpeg?resize=640%2C480&#038;ssl=1\" alt=\"\" class=\"wp-image-3317\" style=\"width:668px;height:auto\"\/><\/figure>\n\n\n\n<p>2022\/2023: Percorsi&nbsp;&nbsp;<\/p>\n\n\n\n<figure class=\"wp-block-image size-large is-resized\"><img data-recalc-dims=\"1\" height=\"480\" width=\"640\" decoding=\"async\" src=\"https:\/\/i0.wp.com\/www.ciel.lu\/new_ciel\/wp-content\/uploads\/image-15-950x713.jpeg?resize=640%2C480&#038;ssl=1\" alt=\"\" class=\"wp-image-3315\" style=\"width:666px;height:auto\"\/><\/figure>\n\n\n\n<p>2021: Movimento&nbsp;<\/p>\n\n\n\n<figure class=\"wp-block-image size-large is-resized\"><img data-recalc-dims=\"1\" height=\"480\" width=\"640\" decoding=\"async\" src=\"https:\/\/i0.wp.com\/www.ciel.lu\/new_ciel\/wp-content\/uploads\/image-22-950x713.jpeg?resize=640%2C480&#038;ssl=1\" alt=\"\" class=\"wp-image-3322\" style=\"width:658px;height:auto\"\/><\/figure>\n\n\n\n<p>2020: Minimalismo (esposizione virtuale durante la pandemia)&nbsp;<\/p>\n\n\n\n<figure class=\"wp-block-image size-large is-resized\"><img data-recalc-dims=\"1\" height=\"480\" width=\"640\" decoding=\"async\" src=\"https:\/\/i0.wp.com\/www.ciel.lu\/new_ciel\/wp-content\/uploads\/image-20-950x713.jpeg?resize=640%2C480&#038;ssl=1\" alt=\"\" class=\"wp-image-3320\" style=\"width:658px;height:auto\"\/><\/figure>\n\n\n\n<p>2019: Luce e ombra (foto in bianco e nero)&nbsp;<\/p>\n\n\n\n<figure class=\"wp-block-image size-large is-resized\"><img data-recalc-dims=\"1\" height=\"960\" width=\"640\" decoding=\"async\" src=\"https:\/\/i0.wp.com\/www.ciel.lu\/new_ciel\/wp-content\/uploads\/image-21-950x1425.jpeg?resize=640%2C960&#038;ssl=1\" alt=\"\" class=\"wp-image-3321\" style=\"width:464px;height:auto\"\/><\/figure>\n\n\n\n<p>2018: MyEurope&nbsp;<\/p>\n\n\n\n<figure class=\"wp-block-image size-full\"><img data-recalc-dims=\"1\" decoding=\"async\" src=\"https:\/\/i0.wp.com\/www.ciel.lu\/new_ciel\/wp-content\/uploads\/image-12.jpeg?w=640&#038;ssl=1\" alt=\"\" class=\"wp-image-3312\"\/><\/figure>\n\n\n\n<p>2017 : Pioggia&nbsp;<\/p>\n\n\n\n<figure class=\"wp-block-image size-large is-resized\"><img data-recalc-dims=\"1\" height=\"344\" width=\"640\" decoding=\"async\" src=\"https:\/\/i0.wp.com\/www.ciel.lu\/new_ciel\/wp-content\/uploads\/image-19-950x510.jpeg?resize=640%2C344&#038;ssl=1\" alt=\"\" class=\"wp-image-3319\" style=\"width:624px;height:auto\"\/><\/figure>\n\n\n\n<p>2016: OneStreet&nbsp;<\/p>\n\n\n\n<figure class=\"wp-block-image size-large is-resized\"><img data-recalc-dims=\"1\" height=\"480\" width=\"640\" decoding=\"async\" src=\"https:\/\/i0.wp.com\/www.ciel.lu\/new_ciel\/wp-content\/uploads\/image-18-950x713.jpeg?resize=640%2C480&#038;ssl=1\" alt=\"\" class=\"wp-image-3318\" style=\"width:669px;height:auto\"\/><\/figure>\n\n\n\n<p>2013: Crescere insieme, Anno europeo della cittadinanza&nbsp;<\/p>\n\n\n\n<figure class=\"wp-block-image size-large is-resized\"><img data-recalc-dims=\"1\" height=\"480\" width=\"640\" decoding=\"async\" src=\"https:\/\/i0.wp.com\/www.ciel.lu\/new_ciel\/wp-content\/uploads\/image-16-950x713.jpeg?resize=640%2C480&#038;ssl=1\" alt=\"\" class=\"wp-image-3316\" style=\"width:678px;height:auto\"\/><\/figure>\n\n\n\n<p>2012: Forever Young, Anno europeo 2012 sul tema dell'invecchiamento attivo e della solidariet\u00e0 intergenerazionale&nbsp;<\/p>\n\n\n\n<figure class=\"wp-block-image size-large is-resized\"><img data-recalc-dims=\"1\" height=\"480\" width=\"640\" decoding=\"async\" src=\"https:\/\/i0.wp.com\/www.ciel.lu\/new_ciel\/wp-content\/uploads\/image-14-950x713.jpeg?resize=640%2C480&#038;ssl=1\" alt=\"\" class=\"wp-image-3314\" style=\"width:681px;height:auto\"\/><\/figure>\n\n\n\n<p>2011: Luoghi.Persone.Storie&nbsp;<\/p>\n\n\n\n<p>2010: Il futuro \u00e8 verde&nbsp;&nbsp;<\/p>\n\n\n\n<p>2008: Lussemburgo, Citt\u00e0 delle Brevi Distanze&nbsp;<\/p>\n\n\n\n<figure class=\"wp-block-image size-full\"><img data-recalc-dims=\"1\" decoding=\"async\" src=\"https:\/\/i0.wp.com\/www.ciel.lu\/new_ciel\/wp-content\/uploads\/image-13.jpeg?w=640&#038;ssl=1\" alt=\"\" class=\"wp-image-3313\"\/><\/figure>\n\n\n\n<p>2007: Lussemburgo 2007, Capitale europea della cultura \u2013 mostra all'abbazia di Neum\u00fcnster&nbsp;<\/p>\n\n\n\n<p><\/p>","protected":false},"excerpt":{"rendered":"<p>Ogni anno organizziamo una mostra collettiva su un tema che scegliamo insieme e [...]<\/p>","protected":false},"author":6,"featured_media":0,"parent":0,"menu_order":0,"comment_status":"closed","ping_status":"closed","template":"","meta":{"footnotes":""},"class_list":["post-3305","page","type-page","status-publish","hentry"],"jetpack_sharing_enabled":true,"_links":{"self":[{"href":"https:\/\/english.ciel.lu\/it\/wp-json\/wp\/v2\/pages\/3305","targetHints":{"allow":["GET"]}}],"collection":[{"href":"https:\/\/english.ciel.lu\/it\/wp-json\/wp\/v2\/pages"}],"about":[{"href":"https:\/\/english.ciel.lu\/it\/wp-json\/wp\/v2\/types\/page"}],"author":[{"embeddable":true,"href":"https:\/\/english.ciel.lu\/it\/wp-json\/wp\/v2\/users\/6"}],"replies":[{"embeddable":true,"href":"https:\/\/english.ciel.lu\/it\/wp-json\/wp\/v2\/comments?post=3305"}],"version-history":[{"count":2,"href":"https:\/\/english.ciel.lu\/it\/wp-json\/wp\/v2\/pages\/3305\/revisions"}],"predecessor-version":[{"id":3460,"href":"https:\/\/english.ciel.lu\/it\/wp-json\/wp\/v2\/pages\/3305\/revisions\/3460"}],"wp:attachment":[{"href":"https:\/\/english.ciel.lu\/it\/wp-json\/wp\/v2\/media?parent=3305"}],"curies":[{"name":"wp","href":"https:\/\/api.w.org\/{rel}","templated":true}]}}