{"id":3307,"date":"2024-11-22T21:18:31","date_gmt":"2024-11-22T20:18:31","guid":{"rendered":"https:\/\/www.ciel.lu\/?page_id=3307"},"modified":"2025-03-10T21:50:02","modified_gmt":"2025-03-10T20:50:02","slug":"faq","status":"publish","type":"page","link":"https:\/\/english.ciel.lu\/it\/faq\/","title":{"rendered":"FAQ\u00a0"},"content":{"rendered":"<p>Benvenuti nel sito web del Photo Club delle istituzioni europee a Lussemburgo (CIEL). Il CIEL fa parte del <a href=\"http:\/\/www.cercleculturel.lu\/\" target=\"_blank\" rel=\"noreferrer noopener\">Cercle culturel des institutions europ\u00e9ennes<\/a> in Lussemburgo. Il club accoglie tutto lo staff delle istituzioni europee in Lussemburgo, i membri delle loro famiglie, i pensionati e chiunque altro sia interessato alla fotografia nelle sue molteplici sfaccettature, anche se non hanno alcun legame con le istituzioni europee.&nbsp;<\/p>\n\n\n\n<p>Come tutte le associazioni, il Photo Club \u00e8 buono solo quanto i suoi membri. Ecco perch\u00e9 vorremmo aiutarti a conoscerci meglio rispondendo ad alcune domande che potresti avere, in modo che tu voglia unirti a noi se la fotografia \u00e8 il mezzo giusto per te...&nbsp;<\/p>\n\n\n\n<p>CIEL in 9 domande e risposte&nbsp;<\/p>\n\n\n\n<p><strong>1. Chi pu\u00f2 aderire a CIEL?<\/strong>&nbsp;<\/p>\n\n\n\n<p>Tutto il personale delle istituzioni europee, i loro familiari, i pensionati e chiunque altro sia interessato alla fotografia, anche se non ha alcun legame con le istituzioni europee.&nbsp;<\/p>\n\n\n\n<p>Il nostro obiettivo non \u00e8 che il Club abbia pi\u00f9 membri, ma che i suoi membri siano il pi\u00f9 attivi possibile. Un membro attivo \u00e8 qualcuno che non solo partecipa alle riunioni, ma soprattutto invia fotografie, partecipa alle discussioni e contribuisce cos\u00ec alla vita del club.&nbsp;&nbsp;<\/p>\n\n\n\n<p><strong>2. Ho appena iniziato... CIEL pu\u00f2 fare qualcosa per me?<\/strong>&nbsp;<\/p>\n\n\n\n<p>Tutti abbiamo iniziato a un certo punto e ci sono sempre cose da imparare. In effetti, con l'attrezzatura di oggi, iniziare non ha pi\u00f9 molto significato, perch\u00e9 tutti possono \"fare il successo\" di una foto. \u00c8 tutta una questione di occhio e sensibilit\u00e0... e i microprocessori sono l\u00ec per fare (quasi) tutto il resto, purch\u00e9 tu abbia qualcosa da dire o da mostrare!&nbsp;<\/p>\n\n\n\n<p>A intervalli regolari, offriamo corsi introduttivi e avanzati, nonch\u00e9 corsi specialistici su un argomento tecnico. Ma vedere quante pi\u00f9 foto possibili, parlare con gli autori, scattare foto, mostrarle e ascoltare le critiche altrui rimane, a nostro avviso, la migliore scuola di fotografia.&nbsp;<\/p>\n\n\n\n<p><strong>3. Cosa fai al CIEL?<\/strong>&nbsp;<\/p>\n\n\n\n<p>Siamo interessati a tutti gli aspetti della fotografia. Il programma delle riunioni \u00e8 redatto con circa un mese di anticipo e pubblicato sul sito web del CIEL (cfr. <a href=\"https:\/\/www.ciel.lu\/calendar\/\">Programma<\/a>). Ogni mese, almeno una sessione \u00e8 normalmente dedicata alla presentazione e alla critica del lavoro dei membri nell'ambito di un \"tema libero\", vale a dire senza alcun argomento imposto.&nbsp;&nbsp;<\/p>\n\n\n\n<p>Altre sessioni possono essere dedicate a lezioni o presentazioni tecniche, alla selezione di fotografie per mostre, concorsi o eventi, alla presentazione del lavoro di fotografi ospiti, sessioni di scatto, ecc. <a href=\"https:\/\/english.ciel.lu\/it\/contact\/\" data-type=\"page\" data-id=\"14\">Contatto<\/a> pagina).&nbsp;<\/p>\n\n\n\n<p><strong>4. Quanto costa l'iscrizione?<\/strong>&nbsp;<\/p>\n\n\n\n<p>\u00c8 ancora pi\u00f9 economico di quanto pensi!&nbsp;<\/p>\n\n\n\n<p>L'adesione costa 60 EUR all'anno. \u00c8 valido per un anno civile.&nbsp;<\/p>\n\n\n\n<p>In qualit\u00e0 di membro, hai diritto a:&nbsp;<\/p>\n\n\n\n<p>\u25cf prendere in prestito libri e riviste;&nbsp;<\/p>\n\n\n\n<p>\u25cf prendere in prestito le sofisticate attrezzature fotografiche del club;&nbsp;<\/p>\n\n\n\n<p>\u25cf utilizzare lo scanner&nbsp;<\/p>\n\n\n\n<p>\u25cf utilizzare lo studio (a condizione di aver frequentato un corso in studio in anticipo);&nbsp;<\/p>\n\n\n\n<p>\u25cf partecipare alle discussioni sul nostro gruppo WhatsApp;&nbsp;<\/p>\n\n\n\n<p>\u25cf far parte del gruppo Facebook chiuso del club;&nbsp;<\/p>\n\n\n\n<p>\u25cf condividi le tue foto con il <a href=\"https:\/\/www.flickr.com\/groups\/photoclub_ciel\/\">photoclub_ciel gruppo su Flickr<\/a>.&nbsp;<\/p>\n\n\n\n<p><strong>5. Dov'\u00e8 CIEL?<\/strong>&nbsp;<\/p>\n\n\n\n<p>Non \u00e8 mai lontano da te. Lo troverete al <a href=\"https:\/\/www.google.com\/maps\/place\/Foyer+Europ\u00e9en\/@49.6052316,6.1287842,17z\/data=!3m1!4b1!4m5!3m4!1s0x479548d178960301:0x148d5c66d2ce629c!8m2!3d49.6052316!4d6.1309729\">Foyer europ\u00e9en<\/a>, <a href=\"https:\/\/www.google.com\/maps\/place\/Foyer+Europ\u00e9en\/@49.6052316,6.1287842,17z\/data=!3m1!4b1!4m5!3m4!1s0x479548d178960301:0x148d5c66d2ce629c!8m2!3d49.6052316!4d6.1309729\">10 rue Heinrich Heine a Lussemburgo-Citt\u00e0<\/a>. Le riunioni si tengono l\u00ec ogni luned\u00ec dalle 20:00.&nbsp;<\/p>\n\n\n\n<p>I gruppi di lavoro, ad esempio sulla fotografia in studio, possono incontrarsi a intervalli regolari e i membri hanno accesso ai locali, incluso lo studio. \u00c8 possibile prenotare lo studio utilizzando il modulo online sul <a href=\"https:\/\/english.ciel.lu\/it\/studio-booking\/\" data-type=\"page\" data-id=\"3309\">Prenotazioni studio<\/a> pagina.&nbsp;<\/p>\n\n\n\n<p><strong>6. Quanti membri ci sono al CIEL?<\/strong>&nbsp;<\/p>\n\n\n\n<p>Negli ultimi anni, il CIEL ha avuto circa 60 membri di 22 nazionalit\u00e0 diverse.&nbsp;&nbsp;&nbsp;&nbsp;&nbsp;&nbsp;<\/p>\n\n\n\n<p><strong>7. Il mio francese non \u00e8 cos\u00ec buono... Posso parlare inglese?<\/strong>&nbsp;<\/p>\n\n\n\n<p>Tradizionalmente, il francese era la lingua di lavoro del club, ma negli ultimi anni i nostri incontri sono diventati un misto di francese e inglese. Puoi esprimerti nella lingua di tua scelta e funziona molto bene in questo modo. Questo vale anche per i corsi organizzati dal club, che sono offerti in francese e inglese, come richiesto (vedi <a href=\"https:\/\/english.ciel.lu\/it\/contact\/\" data-type=\"page\" data-id=\"14\">Corsi<\/a> pagina).&nbsp;<\/p>\n\n\n\n<p><strong>8. Come posso diventare membro?<\/strong>&nbsp;<\/p>\n\n\n\n<p>Vi invitiamo a venire a uno dei nostri incontri settimanali per conoscerci, vedere le strutture e avere un'idea dell'atmosfera. Se poi si desidera diventare un membro, \u00e8 possibile iscriversi utilizzando il modulo di domanda on-line sul <a href=\"https:\/\/english.ciel.lu\/it\/membership\/\" data-type=\"page\" data-id=\"3443\">Adesione<\/a> pagina e pagare la quota associativa.\u00a0<\/p>\n\n\n\n<p><em>Speriamo di aver risposto a tutte le vostre domande e non vediamo l'ora di darvi il benvenuto.<\/em>&nbsp;<\/p>","protected":false},"excerpt":{"rendered":"<p>Benvenuti nel sito web del Photo Club delle istituzioni europee a Lussemburgo (CIEL). [...]<\/p>","protected":false},"author":6,"featured_media":0,"parent":0,"menu_order":0,"comment_status":"closed","ping_status":"closed","template":"","meta":{"footnotes":""},"class_list":["post-3307","page","type-page","status-publish","hentry"],"jetpack_sharing_enabled":true,"_links":{"self":[{"href":"https:\/\/english.ciel.lu\/it\/wp-json\/wp\/v2\/pages\/3307","targetHints":{"allow":["GET"]}}],"collection":[{"href":"https:\/\/english.ciel.lu\/it\/wp-json\/wp\/v2\/pages"}],"about":[{"href":"https:\/\/english.ciel.lu\/it\/wp-json\/wp\/v2\/types\/page"}],"author":[{"embeddable":true,"href":"https:\/\/english.ciel.lu\/it\/wp-json\/wp\/v2\/users\/6"}],"replies":[{"embeddable":true,"href":"https:\/\/english.ciel.lu\/it\/wp-json\/wp\/v2\/comments?post=3307"}],"version-history":[{"count":3,"href":"https:\/\/english.ciel.lu\/it\/wp-json\/wp\/v2\/pages\/3307\/revisions"}],"predecessor-version":[{"id":3455,"href":"https:\/\/english.ciel.lu\/it\/wp-json\/wp\/v2\/pages\/3307\/revisions\/3455"}],"wp:attachment":[{"href":"https:\/\/english.ciel.lu\/it\/wp-json\/wp\/v2\/media?parent=3307"}],"curies":[{"name":"wp","href":"https:\/\/api.w.org\/{rel}","templated":true}]}}